{"id":247949,"date":"2024-06-16T21:39:48","date_gmt":"2024-06-16T19:39:48","guid":{"rendered":"https:\/\/mentta.fastdelivery.es\/?post_type=product&#038;p=247949"},"modified":"2026-03-10T17:19:48","modified_gmt":"2026-03-10T16:19:48","slug":"entrecot-bajo-vaca-300-gr-aprox","status":"publish","type":"product","link":"https:\/\/mentta.fastdelivery.es\/index.php\/producto\/entrecot-bajo-vaca-300-gr-aprox\/","title":{"rendered":"Entrecot Bajo Vaca 300 gr aprox."},"content":{"rendered":"<p>La palabra\u00a0<strong>entrecot<\/strong>\u00a0procede del franc\u00e9s entrec\u00f4te y significa entre costillas.<\/p>\n<p>Es un\u00a0<strong>corte de carne<\/strong>\u00a0de la regi\u00f3n dorsal y sacada\u00a0del lomo bajo.<\/p>\n<p>Esta pieza es apreciada por su textura y terneza en boca, y sobretodo por su\u00a0<strong>sabor lleno de car\u00e1cter<\/strong>.<\/p>\n<p>Aunque como todo, es cuesti\u00f3n de gustos&#8230; te recomendamos disfrutar del<strong>\u00a0entrecot<\/strong>\u00a0poco hecho o en su punto.<\/p>\n<p>No es casualidad que el entrecot sea uno de los\u00a0<strong>cortes estrella<\/strong>\u00a0en muchos restaurantes de renombre.<\/p>\n<p>\u00a1Es un corte que enamora a los verdaderos amantes de la carne!<\/p>\n<p>&nbsp;<\/p>\n<p>*Peso aprox del producto 300 gr.<\/p>\n<p>*En la preparaci\u00f3n de productos frescos puede existir una ligera variaci\u00f3n del precio final en funci\u00f3n del peso.<\/p>\n","protected":false},"excerpt":{"rendered":"<p>La palabra\u00a0entrecot\u00a0procede del franc\u00e9s entrec\u00f4te y significa entre costillas. Es un\u00a0corte de carne\u00a0de la regi\u00f3n dorsal y sacada\u00a0del lomo bajo. Esta pieza es apreciada por su textura y terneza en boca, y sobretodo por su\u00a0sabor lleno de car\u00e1cter. Aunque como todo, es cuesti\u00f3n de gustos&#8230; te recomendamos disfrutar del\u00a0entrecot\u00a0poco hecho o en su punto. No [&hellip;]<\/p>\n","protected":false},"featured_media":246643,"comment_status":"closed","ping_status":"closed","template":"","meta":[],"product_brand":[],"product_cat":[48],"product_tag":[],"class_list":{"0":"post-247949","1":"product","2":"type-product","3":"status-publish","4":"has-post-thumbnail","6":"product_cat-ternera","8":"first","9":"instock","10":"shipping-taxable","11":"purchasable","12":"product-type-simple"},"_links":{"self":[{"href":"https:\/\/mentta.fastdelivery.es\/index.php\/wp-json\/wp\/v2\/product\/247949","targetHints":{"allow":["GET"]}}],"collection":[{"href":"https:\/\/mentta.fastdelivery.es\/index.php\/wp-json\/wp\/v2\/product"}],"about":[{"href":"https:\/\/mentta.fastdelivery.es\/index.php\/wp-json\/wp\/v2\/types\/product"}],"replies":[{"embeddable":true,"href":"https:\/\/mentta.fastdelivery.es\/index.php\/wp-json\/wp\/v2\/comments?post=247949"}],"wp:featuredmedia":[{"embeddable":true,"href":"https:\/\/mentta.fastdelivery.es\/index.php\/wp-json\/wp\/v2\/media\/246643"}],"wp:attachment":[{"href":"https:\/\/mentta.fastdelivery.es\/index.php\/wp-json\/wp\/v2\/media?parent=247949"}],"wp:term":[{"taxonomy":"product_brand","embeddable":true,"href":"https:\/\/mentta.fastdelivery.es\/index.php\/wp-json\/wp\/v2\/product_brand?post=247949"},{"taxonomy":"product_cat","embeddable":true,"href":"https:\/\/mentta.fastdelivery.es\/index.php\/wp-json\/wp\/v2\/product_cat?post=247949"},{"taxonomy":"product_tag","embeddable":true,"href":"https:\/\/mentta.fastdelivery.es\/index.php\/wp-json\/wp\/v2\/product_tag?post=247949"}],"curies":[{"name":"wp","href":"https:\/\/api.w.org\/{rel}","templated":true}]}}