{"id":247950,"date":"2024-06-16T21:40:53","date_gmt":"2024-06-16T19:40:53","guid":{"rendered":"https:\/\/mentta.fastdelivery.es\/?post_type=product&#038;p=247950"},"modified":"2026-03-10T17:19:48","modified_gmt":"2026-03-10T16:19:48","slug":"ossobuco-ternera-porcionado-600-gr-aprox","status":"publish","type":"product","link":"https:\/\/mentta.fastdelivery.es\/index.php\/producto\/ossobuco-ternera-porcionado-600-gr-aprox\/","title":{"rendered":"Ossobuco Ternera Porcionado 600 gr aprox."},"content":{"rendered":"<p>El\u00a0<strong>Osobuco de ternera<\/strong>\u00a0es un corte que se\u00a0presenta con la carne de morcillo y el hueso de ca\u00f1a unidos, motivo por el que es una pieza muy melosa, que da lugar a una carne gustosa y tierna, ideal para cocinarla en guisos.<\/p>\n<p>Un morcillo de\u00a0<strong>ternera gallega<\/strong>\u00a0entero con todo su hueso, porcionado en medallones.<\/p>\n<p>&nbsp;<\/p>\n<p>*Peso aprox del producto 600 gr.<\/p>\n<p>*En la preparaci\u00f3n de productos frescos puede existir una ligera variaci\u00f3n del precio final en funci\u00f3n del peso.<\/p>\n","protected":false},"excerpt":{"rendered":"<p>El\u00a0Osobuco de ternera\u00a0es un corte que se\u00a0presenta con la carne de morcillo y el hueso de ca\u00f1a unidos, motivo por el que es una pieza muy melosa, que da lugar a una carne gustosa y tierna, ideal para cocinarla en guisos. Un morcillo de\u00a0ternera gallega\u00a0entero con todo su hueso, porcionado en medallones. &nbsp; *Peso aprox [&hellip;]<\/p>\n","protected":false},"featured_media":246690,"comment_status":"closed","ping_status":"closed","template":"","meta":[],"product_brand":[],"product_cat":[48],"product_tag":[],"class_list":{"0":"post-247950","1":"product","2":"type-product","3":"status-publish","4":"has-post-thumbnail","6":"product_cat-ternera","8":"first","9":"instock","10":"shipping-taxable","11":"purchasable","12":"product-type-simple"},"_links":{"self":[{"href":"https:\/\/mentta.fastdelivery.es\/index.php\/wp-json\/wp\/v2\/product\/247950","targetHints":{"allow":["GET"]}}],"collection":[{"href":"https:\/\/mentta.fastdelivery.es\/index.php\/wp-json\/wp\/v2\/product"}],"about":[{"href":"https:\/\/mentta.fastdelivery.es\/index.php\/wp-json\/wp\/v2\/types\/product"}],"replies":[{"embeddable":true,"href":"https:\/\/mentta.fastdelivery.es\/index.php\/wp-json\/wp\/v2\/comments?post=247950"}],"wp:featuredmedia":[{"embeddable":true,"href":"https:\/\/mentta.fastdelivery.es\/index.php\/wp-json\/wp\/v2\/media\/246690"}],"wp:attachment":[{"href":"https:\/\/mentta.fastdelivery.es\/index.php\/wp-json\/wp\/v2\/media?parent=247950"}],"wp:term":[{"taxonomy":"product_brand","embeddable":true,"href":"https:\/\/mentta.fastdelivery.es\/index.php\/wp-json\/wp\/v2\/product_brand?post=247950"},{"taxonomy":"product_cat","embeddable":true,"href":"https:\/\/mentta.fastdelivery.es\/index.php\/wp-json\/wp\/v2\/product_cat?post=247950"},{"taxonomy":"product_tag","embeddable":true,"href":"https:\/\/mentta.fastdelivery.es\/index.php\/wp-json\/wp\/v2\/product_tag?post=247950"}],"curies":[{"name":"wp","href":"https:\/\/api.w.org\/{rel}","templated":true}]}}