{"id":247953,"date":"2024-06-16T21:44:03","date_gmt":"2024-06-16T19:44:03","guid":{"rendered":"https:\/\/mentta.fastdelivery.es\/?post_type=product&#038;p=247953"},"modified":"2026-03-10T17:19:48","modified_gmt":"2026-03-10T16:19:48","slug":"entrecot-vaca-madurada-35-dias-400-gr-aprox","status":"publish","type":"product","link":"https:\/\/mentta.fastdelivery.es\/index.php\/producto\/entrecot-vaca-madurada-35-dias-400-gr-aprox\/","title":{"rendered":"Entrecot Vaca Madurada +35 d\u00edas 400 gr aprox."},"content":{"rendered":"<p><strong>Entrecot<\/strong>\u00a0de\u00a0<strong>vaca madurada,\u00a0<\/strong>Dry Aged de m\u00e1s de 35 d\u00edas de maduraci\u00f3n.<\/p>\n<p>En la\u00a0maduraci\u00f3n de nuestra carne, o tambi\u00e9n conocido como proceso\u00a0<em><strong>dry aged<\/strong>,\u00a0<\/em>utilizamos una\u00a0t\u00e9cnica de humedad y temperatura controlada a la que se sometemos a la carne en c\u00e1maras especiales, con esta t\u00e9cnica se consigue\u00a0una textura m\u00e1s suave y potenciar a la vez su sabor, jugosidad y aroma.<\/p>\n<p>Un corte perfecto para barbacoa, parrilla o prepararlo a la piedra.<\/p>\n","protected":false},"excerpt":{"rendered":"<p>Entrecot\u00a0de\u00a0vaca madurada,\u00a0Dry Aged de m\u00e1s de 35 d\u00edas de maduraci\u00f3n. En la\u00a0maduraci\u00f3n de nuestra carne, o tambi\u00e9n conocido como proceso\u00a0dry aged,\u00a0utilizamos una\u00a0t\u00e9cnica de humedad y temperatura controlada a la que se sometemos a la carne en c\u00e1maras especiales, con esta t\u00e9cnica se consigue\u00a0una textura m\u00e1s suave y potenciar a la vez su sabor, jugosidad y [&hellip;]<\/p>\n","protected":false},"featured_media":247954,"comment_status":"closed","ping_status":"closed","template":"","meta":[],"product_brand":[],"product_cat":[48],"product_tag":[],"class_list":{"0":"post-247953","1":"product","2":"type-product","3":"status-publish","4":"has-post-thumbnail","6":"product_cat-ternera","8":"first","9":"instock","10":"shipping-taxable","11":"purchasable","12":"product-type-simple"},"_links":{"self":[{"href":"https:\/\/mentta.fastdelivery.es\/index.php\/wp-json\/wp\/v2\/product\/247953","targetHints":{"allow":["GET"]}}],"collection":[{"href":"https:\/\/mentta.fastdelivery.es\/index.php\/wp-json\/wp\/v2\/product"}],"about":[{"href":"https:\/\/mentta.fastdelivery.es\/index.php\/wp-json\/wp\/v2\/types\/product"}],"replies":[{"embeddable":true,"href":"https:\/\/mentta.fastdelivery.es\/index.php\/wp-json\/wp\/v2\/comments?post=247953"}],"wp:featuredmedia":[{"embeddable":true,"href":"https:\/\/mentta.fastdelivery.es\/index.php\/wp-json\/wp\/v2\/media\/247954"}],"wp:attachment":[{"href":"https:\/\/mentta.fastdelivery.es\/index.php\/wp-json\/wp\/v2\/media?parent=247953"}],"wp:term":[{"taxonomy":"product_brand","embeddable":true,"href":"https:\/\/mentta.fastdelivery.es\/index.php\/wp-json\/wp\/v2\/product_brand?post=247953"},{"taxonomy":"product_cat","embeddable":true,"href":"https:\/\/mentta.fastdelivery.es\/index.php\/wp-json\/wp\/v2\/product_cat?post=247953"},{"taxonomy":"product_tag","embeddable":true,"href":"https:\/\/mentta.fastdelivery.es\/index.php\/wp-json\/wp\/v2\/product_tag?post=247953"}],"curies":[{"name":"wp","href":"https:\/\/api.w.org\/{rel}","templated":true}]}}