{"id":247956,"date":"2024-06-17T08:23:41","date_gmt":"2024-06-17T06:23:41","guid":{"rendered":"https:\/\/mentta.fastdelivery.es\/?post_type=product&#038;p=247956"},"modified":"2026-03-10T17:19:48","modified_gmt":"2026-03-10T16:19:48","slug":"vacio-ternera-2-5-kg","status":"publish","type":"product","link":"https:\/\/mentta.fastdelivery.es\/index.php\/producto\/vacio-ternera-2-5-kg\/","title":{"rendered":"Vac\u00edo Ternera 2.5 Kg"},"content":{"rendered":"<p>El<strong>\u00a0Vac\u00edo de ternera<\/strong>\u00a0es una parte de la falda de la ternera que se utiliza entera a la parrilla, al horno o cortada en trozos para guisar, ya que es una carne muy suave y jugosa, de excelente sabor.<\/p>\n<p>Este corte, proviene de la cultura Argentina, donde es muy utilizado por su sabor en sus cl\u00e1sicas barbacoas y asados.<\/p>\n<p>&nbsp;<\/p>\n<p>*Peso aprox del producto 2.5 Kg.<\/p>\n<p>*En la preparaci\u00f3n de productos frescos puede existir una ligera variaci\u00f3n del precio final en funci\u00f3n del peso.<\/p>\n","protected":false},"excerpt":{"rendered":"<p>El\u00a0Vac\u00edo de ternera\u00a0es una parte de la falda de la ternera que se utiliza entera a la parrilla, al horno o cortada en trozos para guisar, ya que es una carne muy suave y jugosa, de excelente sabor. Este corte, proviene de la cultura Argentina, donde es muy utilizado por su sabor en sus cl\u00e1sicas [&hellip;]<\/p>\n","protected":false},"featured_media":246651,"comment_status":"closed","ping_status":"closed","template":"","meta":[],"product_brand":[],"product_cat":[48],"product_tag":[],"class_list":{"0":"post-247956","1":"product","2":"type-product","3":"status-publish","4":"has-post-thumbnail","6":"product_cat-ternera","8":"first","9":"instock","10":"shipping-taxable","11":"purchasable","12":"product-type-simple"},"_links":{"self":[{"href":"https:\/\/mentta.fastdelivery.es\/index.php\/wp-json\/wp\/v2\/product\/247956","targetHints":{"allow":["GET"]}}],"collection":[{"href":"https:\/\/mentta.fastdelivery.es\/index.php\/wp-json\/wp\/v2\/product"}],"about":[{"href":"https:\/\/mentta.fastdelivery.es\/index.php\/wp-json\/wp\/v2\/types\/product"}],"replies":[{"embeddable":true,"href":"https:\/\/mentta.fastdelivery.es\/index.php\/wp-json\/wp\/v2\/comments?post=247956"}],"wp:featuredmedia":[{"embeddable":true,"href":"https:\/\/mentta.fastdelivery.es\/index.php\/wp-json\/wp\/v2\/media\/246651"}],"wp:attachment":[{"href":"https:\/\/mentta.fastdelivery.es\/index.php\/wp-json\/wp\/v2\/media?parent=247956"}],"wp:term":[{"taxonomy":"product_brand","embeddable":true,"href":"https:\/\/mentta.fastdelivery.es\/index.php\/wp-json\/wp\/v2\/product_brand?post=247956"},{"taxonomy":"product_cat","embeddable":true,"href":"https:\/\/mentta.fastdelivery.es\/index.php\/wp-json\/wp\/v2\/product_cat?post=247956"},{"taxonomy":"product_tag","embeddable":true,"href":"https:\/\/mentta.fastdelivery.es\/index.php\/wp-json\/wp\/v2\/product_tag?post=247956"}],"curies":[{"name":"wp","href":"https:\/\/api.w.org\/{rel}","templated":true}]}}