{"id":247958,"date":"2024-06-17T08:26:37","date_gmt":"2024-06-17T06:26:37","guid":{"rendered":"https:\/\/mentta.fastdelivery.es\/?post_type=product&#038;p=247958"},"modified":"2026-03-10T17:19:48","modified_gmt":"2026-03-10T16:19:48","slug":"filetes-babilla-vaca-750-gr-aprox","status":"publish","type":"product","link":"https:\/\/mentta.fastdelivery.es\/index.php\/producto\/filetes-babilla-vaca-750-gr-aprox\/","title":{"rendered":"Filetes Babilla Vaca 800 gr aprox"},"content":{"rendered":"<p>Estos filetes de\u00a0<strong>Babilla de Vaca<\/strong>, pertenecientes a la cara anterior del muslo de la ternera, presentan una carne tierna y jugosa.<\/p>\n<p>Gracias a su ternura son ideales para cocinarlos a la plancha o empanados.<\/p>\n<p>&nbsp;<\/p>\n<p>*Peso aprox del producto 750 gr.<\/p>\n<p>*En la preparaci\u00f3n de productos frescos puede existir una ligera variaci\u00f3n del precio final en funci\u00f3n del peso.<\/p>\n","protected":false},"excerpt":{"rendered":"<p>Estos filetes de\u00a0Babilla de Vaca, pertenecientes a la cara anterior del muslo de la ternera, presentan una carne tierna y jugosa. Gracias a su ternura son ideales para cocinarlos a la plancha o empanados. &nbsp; *Peso aprox del producto 750 gr. *En la preparaci\u00f3n de productos frescos puede existir una ligera variaci\u00f3n del precio final [&hellip;]<\/p>\n","protected":false},"featured_media":246654,"comment_status":"closed","ping_status":"closed","template":"","meta":[],"product_brand":[],"product_cat":[48],"product_tag":[],"class_list":{"0":"post-247958","1":"product","2":"type-product","3":"status-publish","4":"has-post-thumbnail","6":"product_cat-ternera","8":"first","9":"instock","10":"shipping-taxable","11":"purchasable","12":"product-type-simple"},"_links":{"self":[{"href":"https:\/\/mentta.fastdelivery.es\/index.php\/wp-json\/wp\/v2\/product\/247958","targetHints":{"allow":["GET"]}}],"collection":[{"href":"https:\/\/mentta.fastdelivery.es\/index.php\/wp-json\/wp\/v2\/product"}],"about":[{"href":"https:\/\/mentta.fastdelivery.es\/index.php\/wp-json\/wp\/v2\/types\/product"}],"replies":[{"embeddable":true,"href":"https:\/\/mentta.fastdelivery.es\/index.php\/wp-json\/wp\/v2\/comments?post=247958"}],"wp:featuredmedia":[{"embeddable":true,"href":"https:\/\/mentta.fastdelivery.es\/index.php\/wp-json\/wp\/v2\/media\/246654"}],"wp:attachment":[{"href":"https:\/\/mentta.fastdelivery.es\/index.php\/wp-json\/wp\/v2\/media?parent=247958"}],"wp:term":[{"taxonomy":"product_brand","embeddable":true,"href":"https:\/\/mentta.fastdelivery.es\/index.php\/wp-json\/wp\/v2\/product_brand?post=247958"},{"taxonomy":"product_cat","embeddable":true,"href":"https:\/\/mentta.fastdelivery.es\/index.php\/wp-json\/wp\/v2\/product_cat?post=247958"},{"taxonomy":"product_tag","embeddable":true,"href":"https:\/\/mentta.fastdelivery.es\/index.php\/wp-json\/wp\/v2\/product_tag?post=247958"}],"curies":[{"name":"wp","href":"https:\/\/api.w.org\/{rel}","templated":true}]}}