{"id":247959,"date":"2024-06-17T08:29:01","date_gmt":"2024-06-17T06:29:01","guid":{"rendered":"https:\/\/mentta.fastdelivery.es\/?post_type=product&#038;p=247959"},"modified":"2026-03-10T17:19:48","modified_gmt":"2026-03-10T16:19:48","slug":"filetes-de-cadera-500-gr-aprox","status":"publish","type":"product","link":"https:\/\/mentta.fastdelivery.es\/index.php\/producto\/filetes-de-cadera-500-gr-aprox\/","title":{"rendered":"Filetes De Cadera 500 gr. aprox."},"content":{"rendered":"<p>Los<strong>\u00a0filetes de\u00a0cadera<\/strong>\u00a0presenta un corte jugoso, con poca grasa y que da lugar a filetes tiernos e ideales para hacer a la plancha o empanar.<\/p>\n<p>Es una carne jugosa y tierna que no tiene demasiada grasa.<\/p>\n<p>&nbsp;<\/p>\n<p>*Peso aprox del producto 500 gr.<\/p>\n<p>*En la preparaci\u00f3n de productos frescos puede existir una ligera variaci\u00f3n del precio final en funci\u00f3n del peso.<\/p>\n","protected":false},"excerpt":{"rendered":"<p>Los\u00a0filetes de\u00a0cadera\u00a0presenta un corte jugoso, con poca grasa y que da lugar a filetes tiernos e ideales para hacer a la plancha o empanar. Es una carne jugosa y tierna que no tiene demasiada grasa. &nbsp; *Peso aprox del producto 500 gr. *En la preparaci\u00f3n de productos frescos puede existir una ligera variaci\u00f3n del precio [&hellip;]<\/p>\n","protected":false},"featured_media":246656,"comment_status":"closed","ping_status":"closed","template":"","meta":[],"product_brand":[],"product_cat":[48],"product_tag":[],"class_list":{"0":"post-247959","1":"product","2":"type-product","3":"status-publish","4":"has-post-thumbnail","6":"product_cat-ternera","8":"first","9":"instock","10":"shipping-taxable","11":"purchasable","12":"product-type-simple"},"_links":{"self":[{"href":"https:\/\/mentta.fastdelivery.es\/index.php\/wp-json\/wp\/v2\/product\/247959","targetHints":{"allow":["GET"]}}],"collection":[{"href":"https:\/\/mentta.fastdelivery.es\/index.php\/wp-json\/wp\/v2\/product"}],"about":[{"href":"https:\/\/mentta.fastdelivery.es\/index.php\/wp-json\/wp\/v2\/types\/product"}],"replies":[{"embeddable":true,"href":"https:\/\/mentta.fastdelivery.es\/index.php\/wp-json\/wp\/v2\/comments?post=247959"}],"wp:featuredmedia":[{"embeddable":true,"href":"https:\/\/mentta.fastdelivery.es\/index.php\/wp-json\/wp\/v2\/media\/246656"}],"wp:attachment":[{"href":"https:\/\/mentta.fastdelivery.es\/index.php\/wp-json\/wp\/v2\/media?parent=247959"}],"wp:term":[{"taxonomy":"product_brand","embeddable":true,"href":"https:\/\/mentta.fastdelivery.es\/index.php\/wp-json\/wp\/v2\/product_brand?post=247959"},{"taxonomy":"product_cat","embeddable":true,"href":"https:\/\/mentta.fastdelivery.es\/index.php\/wp-json\/wp\/v2\/product_cat?post=247959"},{"taxonomy":"product_tag","embeddable":true,"href":"https:\/\/mentta.fastdelivery.es\/index.php\/wp-json\/wp\/v2\/product_tag?post=247959"}],"curies":[{"name":"wp","href":"https:\/\/api.w.org\/{rel}","templated":true}]}}