{"id":247973,"date":"2024-06-17T09:07:58","date_gmt":"2024-06-17T07:07:58","guid":{"rendered":"https:\/\/mentta.fastdelivery.es\/?post_type=product&#038;p=247973"},"modified":"2026-03-10T17:19:48","modified_gmt":"2026-03-10T16:19:48","slug":"ragout-ternera-500-gr-aprox","status":"publish","type":"product","link":"https:\/\/mentta.fastdelivery.es\/index.php\/producto\/ragout-ternera-500-gr-aprox\/","title":{"rendered":"Ragout Ternera 500 gr. aprox."},"content":{"rendered":"<p>El\u00a0<strong>Ragout de ternera<\/strong>\u00a0es una de las carnes por excelencia ideales para preparar guisos. Se extrae de la aguja, una pieza de la res,\u00a0<strong>tierna<\/strong>\u00a0y\u00a0<strong>muy jugosa<\/strong>.<\/p>\n<p>El termino\u00a0<strong>Ragout<\/strong>\u00a0es el que se emplea para denominar al guiso que consiste en estofar la carne cocida en sus propios jugos a fuego lento durante un tiempo prolongado.<\/p>\n<p>El modo de hacerlo en la cocina espa\u00f1ola consiste en que los trozos de carne son del tama\u00f1o de la boca.<\/p>\n<p>&nbsp;<\/p>\n<p>*Peso aprox del producto 500 gr.<\/p>\n<p>*En la preparaci\u00f3n de productos frescos puede existir una ligera variaci\u00f3n del precio final en funci\u00f3n del peso.<\/p>\n","protected":false},"excerpt":{"rendered":"<p>El\u00a0Ragout de ternera\u00a0es una de las carnes por excelencia ideales para preparar guisos. Se extrae de la aguja, una pieza de la res,\u00a0tierna\u00a0y\u00a0muy jugosa. El termino\u00a0Ragout\u00a0es el que se emplea para denominar al guiso que consiste en estofar la carne cocida en sus propios jugos a fuego lento durante un tiempo prolongado. El modo de [&hellip;]<\/p>\n","protected":false},"featured_media":247974,"comment_status":"closed","ping_status":"closed","template":"","meta":[],"product_brand":[],"product_cat":[47,48],"product_tag":[],"class_list":{"0":"post-247973","1":"product","2":"type-product","3":"status-publish","4":"has-post-thumbnail","6":"product_cat-carnes","7":"product_cat-ternera","9":"first","10":"instock","11":"shipping-taxable","12":"purchasable","13":"product-type-simple"},"_links":{"self":[{"href":"https:\/\/mentta.fastdelivery.es\/index.php\/wp-json\/wp\/v2\/product\/247973","targetHints":{"allow":["GET"]}}],"collection":[{"href":"https:\/\/mentta.fastdelivery.es\/index.php\/wp-json\/wp\/v2\/product"}],"about":[{"href":"https:\/\/mentta.fastdelivery.es\/index.php\/wp-json\/wp\/v2\/types\/product"}],"replies":[{"embeddable":true,"href":"https:\/\/mentta.fastdelivery.es\/index.php\/wp-json\/wp\/v2\/comments?post=247973"}],"wp:featuredmedia":[{"embeddable":true,"href":"https:\/\/mentta.fastdelivery.es\/index.php\/wp-json\/wp\/v2\/media\/247974"}],"wp:attachment":[{"href":"https:\/\/mentta.fastdelivery.es\/index.php\/wp-json\/wp\/v2\/media?parent=247973"}],"wp:term":[{"taxonomy":"product_brand","embeddable":true,"href":"https:\/\/mentta.fastdelivery.es\/index.php\/wp-json\/wp\/v2\/product_brand?post=247973"},{"taxonomy":"product_cat","embeddable":true,"href":"https:\/\/mentta.fastdelivery.es\/index.php\/wp-json\/wp\/v2\/product_cat?post=247973"},{"taxonomy":"product_tag","embeddable":true,"href":"https:\/\/mentta.fastdelivery.es\/index.php\/wp-json\/wp\/v2\/product_tag?post=247973"}],"curies":[{"name":"wp","href":"https:\/\/api.w.org\/{rel}","templated":true}]}}