{"id":247976,"date":"2024-06-17T09:10:02","date_gmt":"2024-06-17T07:10:02","guid":{"rendered":"https:\/\/mentta.fastdelivery.es\/?post_type=product&#038;p=247976"},"modified":"2026-03-10T17:19:48","modified_gmt":"2026-03-10T16:19:48","slug":"redondo-de-ternera-25-3-kg","status":"publish","type":"product","link":"https:\/\/mentta.fastdelivery.es\/index.php\/producto\/redondo-de-ternera-25-3-kg\/","title":{"rendered":"Redondo de Ternera 2,5 &#8211; 3 kg"},"content":{"rendered":"<p>El\u00a0<strong>redondo de ternera<\/strong>\u00a0es una pieza de carne englobada dentro de la<strong>\u00a0categor\u00eda Primera A<\/strong>, que se ubica en la parte trasera del animal, en concreto en la cara externa de las patas traseras, junto a la contra y la tapa.<\/p>\n<p>Su nombre le viene por su\u00a0<strong>forma cil\u00edndrica<\/strong>\u00a0y es una carne muy preciada porque\u00a0<strong>contiene poca grasa<\/strong>\u00a0y\u00a0<strong>pocos nervios visibles<\/strong>.<\/p>\n<p>Aun as\u00ed, queda m\u00e1s tierna y jugosa al cocinado que otras piezas de la misma zona, como es la contra.<\/p>\n<p>*Peso aprox del producto\u00a02,5 &#8211; 3 kg.<\/p>\n<p>*En la preparaci\u00f3n de productos frescos puede existir una ligera variaci\u00f3n del precio final en funci\u00f3n del peso.<\/p>\n","protected":false},"excerpt":{"rendered":"<p>El\u00a0redondo de ternera\u00a0es una pieza de carne englobada dentro de la\u00a0categor\u00eda Primera A, que se ubica en la parte trasera del animal, en concreto en la cara externa de las patas traseras, junto a la contra y la tapa. Su nombre le viene por su\u00a0forma cil\u00edndrica\u00a0y es una carne muy preciada porque\u00a0contiene poca grasa\u00a0y\u00a0pocos nervios [&hellip;]<\/p>\n","protected":false},"featured_media":246675,"comment_status":"closed","ping_status":"closed","template":"","meta":[],"product_brand":[],"product_cat":[47,48],"product_tag":[],"class_list":{"0":"post-247976","1":"product","2":"type-product","3":"status-publish","4":"has-post-thumbnail","6":"product_cat-carnes","7":"product_cat-ternera","9":"first","10":"instock","11":"shipping-taxable","12":"purchasable","13":"product-type-simple"},"_links":{"self":[{"href":"https:\/\/mentta.fastdelivery.es\/index.php\/wp-json\/wp\/v2\/product\/247976","targetHints":{"allow":["GET"]}}],"collection":[{"href":"https:\/\/mentta.fastdelivery.es\/index.php\/wp-json\/wp\/v2\/product"}],"about":[{"href":"https:\/\/mentta.fastdelivery.es\/index.php\/wp-json\/wp\/v2\/types\/product"}],"replies":[{"embeddable":true,"href":"https:\/\/mentta.fastdelivery.es\/index.php\/wp-json\/wp\/v2\/comments?post=247976"}],"wp:featuredmedia":[{"embeddable":true,"href":"https:\/\/mentta.fastdelivery.es\/index.php\/wp-json\/wp\/v2\/media\/246675"}],"wp:attachment":[{"href":"https:\/\/mentta.fastdelivery.es\/index.php\/wp-json\/wp\/v2\/media?parent=247976"}],"wp:term":[{"taxonomy":"product_brand","embeddable":true,"href":"https:\/\/mentta.fastdelivery.es\/index.php\/wp-json\/wp\/v2\/product_brand?post=247976"},{"taxonomy":"product_cat","embeddable":true,"href":"https:\/\/mentta.fastdelivery.es\/index.php\/wp-json\/wp\/v2\/product_cat?post=247976"},{"taxonomy":"product_tag","embeddable":true,"href":"https:\/\/mentta.fastdelivery.es\/index.php\/wp-json\/wp\/v2\/product_tag?post=247976"}],"curies":[{"name":"wp","href":"https:\/\/api.w.org\/{rel}","templated":true}]}}