{"id":247977,"date":"2024-06-17T09:11:19","date_gmt":"2024-06-17T07:11:19","guid":{"rendered":"https:\/\/mentta.fastdelivery.es\/?post_type=product&#038;p=247977"},"modified":"2026-03-10T17:19:48","modified_gmt":"2026-03-10T16:19:48","slug":"solomillo-vaca-premium-porcionado-250-gr","status":"publish","type":"product","link":"https:\/\/mentta.fastdelivery.es\/index.php\/producto\/solomillo-vaca-premium-porcionado-250-gr\/","title":{"rendered":"Solomillo Vaca Premium Porcionado 300 gr."},"content":{"rendered":"<p><strong>Solomillo de Vaca PREMIUM Porcionado<\/strong>, incre\u00edblemente tierno, sabor exclusivo y jugosidad, convierten a esta pieza de solomillo en una delicia.<\/p>\n<p>Es el corte de toda la res que tiene\u00a0<strong>mejor textura<\/strong>\u00a0y por esta raz\u00f3n es el preferido en las mesas de los mejores restaurantes.<\/p>\n<p>Si lo que buscas es una carne tierna y suave, te recomendamos que pruebes nuestro\u00a0<strong>Solomillo de calidad Premium<\/strong>.<\/p>\n<p>Vacuno criado con\u00a0<strong>alimentos de\u00a0origen vegetal.<\/strong><\/p>\n<p>&nbsp;<\/p>\n<p>*Peso aprox del producto 250 gr.<\/p>\n<p>*En la preparaci\u00f3n de productos frescos puede existir una ligera variaci\u00f3n del precio final en funci\u00f3n del peso.<\/p>\n","protected":false},"excerpt":{"rendered":"<p>Solomillo de Vaca PREMIUM Porcionado, incre\u00edblemente tierno, sabor exclusivo y jugosidad, convierten a esta pieza de solomillo en una delicia. Es el corte de toda la res que tiene\u00a0mejor textura\u00a0y por esta raz\u00f3n es el preferido en las mesas de los mejores restaurantes. Si lo que buscas es una carne tierna y suave, te recomendamos [&hellip;]<\/p>\n","protected":false},"featured_media":246630,"comment_status":"closed","ping_status":"closed","template":"","meta":[],"product_brand":[],"product_cat":[47,48],"product_tag":[],"class_list":{"0":"post-247977","1":"product","2":"type-product","3":"status-publish","4":"has-post-thumbnail","6":"product_cat-carnes","7":"product_cat-ternera","9":"first","10":"instock","11":"shipping-taxable","12":"purchasable","13":"product-type-simple"},"_links":{"self":[{"href":"https:\/\/mentta.fastdelivery.es\/index.php\/wp-json\/wp\/v2\/product\/247977","targetHints":{"allow":["GET"]}}],"collection":[{"href":"https:\/\/mentta.fastdelivery.es\/index.php\/wp-json\/wp\/v2\/product"}],"about":[{"href":"https:\/\/mentta.fastdelivery.es\/index.php\/wp-json\/wp\/v2\/types\/product"}],"replies":[{"embeddable":true,"href":"https:\/\/mentta.fastdelivery.es\/index.php\/wp-json\/wp\/v2\/comments?post=247977"}],"wp:featuredmedia":[{"embeddable":true,"href":"https:\/\/mentta.fastdelivery.es\/index.php\/wp-json\/wp\/v2\/media\/246630"}],"wp:attachment":[{"href":"https:\/\/mentta.fastdelivery.es\/index.php\/wp-json\/wp\/v2\/media?parent=247977"}],"wp:term":[{"taxonomy":"product_brand","embeddable":true,"href":"https:\/\/mentta.fastdelivery.es\/index.php\/wp-json\/wp\/v2\/product_brand?post=247977"},{"taxonomy":"product_cat","embeddable":true,"href":"https:\/\/mentta.fastdelivery.es\/index.php\/wp-json\/wp\/v2\/product_cat?post=247977"},{"taxonomy":"product_tag","embeddable":true,"href":"https:\/\/mentta.fastdelivery.es\/index.php\/wp-json\/wp\/v2\/product_tag?post=247977"}],"curies":[{"name":"wp","href":"https:\/\/api.w.org\/{rel}","templated":true}]}}