{"id":247978,"date":"2024-06-17T09:12:44","date_gmt":"2024-06-17T07:12:44","guid":{"rendered":"https:\/\/mentta.fastdelivery.es\/?post_type=product&#038;p=247978"},"modified":"2026-03-10T17:19:48","modified_gmt":"2026-03-10T16:19:48","slug":"entrecot-ternera-porcionado-250-gr-aprox","status":"publish","type":"product","link":"https:\/\/mentta.fastdelivery.es\/index.php\/producto\/entrecot-ternera-porcionado-250-gr-aprox\/","title":{"rendered":"Entrecot Ternera Porcionado 250 gr aprox."},"content":{"rendered":"<p>Maravillosas porciones de\u00a0<strong>Entrecot de Ternera<\/strong>\u00a0de Grupo Los Norte\u00f1os.<\/p>\n<p>Perfecto entreverado de grasa que mantiene la pieza jugosa y aporta gran sabor al momento de la cocci\u00f3n. Un corte perfecto para amantes de la carne, ideal para preparar en barbacoa, a la parrilla o a la piedra.<\/p>\n<p>&nbsp;<\/p>\n<p>*Peso aprox del producto 250 gr.<\/p>\n<p>*En la preparaci\u00f3n de productos frescos puede existir una ligera variaci\u00f3n del precio final en funci\u00f3n del peso.<\/p>\n","protected":false},"excerpt":{"rendered":"<p>Maravillosas porciones de\u00a0Entrecot de Ternera\u00a0de Grupo Los Norte\u00f1os. Perfecto entreverado de grasa que mantiene la pieza jugosa y aporta gran sabor al momento de la cocci\u00f3n. Un corte perfecto para amantes de la carne, ideal para preparar en barbacoa, a la parrilla o a la piedra. &nbsp; *Peso aprox del producto 250 gr. *En la [&hellip;]<\/p>\n","protected":false},"featured_media":246678,"comment_status":"closed","ping_status":"closed","template":"","meta":[],"product_brand":[],"product_cat":[47,48],"product_tag":[],"class_list":{"0":"post-247978","1":"product","2":"type-product","3":"status-publish","4":"has-post-thumbnail","6":"product_cat-carnes","7":"product_cat-ternera","9":"first","10":"instock","11":"shipping-taxable","12":"purchasable","13":"product-type-simple"},"_links":{"self":[{"href":"https:\/\/mentta.fastdelivery.es\/index.php\/wp-json\/wp\/v2\/product\/247978","targetHints":{"allow":["GET"]}}],"collection":[{"href":"https:\/\/mentta.fastdelivery.es\/index.php\/wp-json\/wp\/v2\/product"}],"about":[{"href":"https:\/\/mentta.fastdelivery.es\/index.php\/wp-json\/wp\/v2\/types\/product"}],"replies":[{"embeddable":true,"href":"https:\/\/mentta.fastdelivery.es\/index.php\/wp-json\/wp\/v2\/comments?post=247978"}],"wp:featuredmedia":[{"embeddable":true,"href":"https:\/\/mentta.fastdelivery.es\/index.php\/wp-json\/wp\/v2\/media\/246678"}],"wp:attachment":[{"href":"https:\/\/mentta.fastdelivery.es\/index.php\/wp-json\/wp\/v2\/media?parent=247978"}],"wp:term":[{"taxonomy":"product_brand","embeddable":true,"href":"https:\/\/mentta.fastdelivery.es\/index.php\/wp-json\/wp\/v2\/product_brand?post=247978"},{"taxonomy":"product_cat","embeddable":true,"href":"https:\/\/mentta.fastdelivery.es\/index.php\/wp-json\/wp\/v2\/product_cat?post=247978"},{"taxonomy":"product_tag","embeddable":true,"href":"https:\/\/mentta.fastdelivery.es\/index.php\/wp-json\/wp\/v2\/product_tag?post=247978"}],"curies":[{"name":"wp","href":"https:\/\/api.w.org\/{rel}","templated":true}]}}