{"id":247979,"date":"2024-06-17T09:13:41","date_gmt":"2024-06-17T07:13:41","guid":{"rendered":"https:\/\/mentta.fastdelivery.es\/?post_type=product&#038;p=247979"},"modified":"2026-03-10T17:19:48","modified_gmt":"2026-03-10T16:19:48","slug":"tapilla-vaca-seleccion-fileteada-600-gr-aprox","status":"publish","type":"product","link":"https:\/\/mentta.fastdelivery.es\/index.php\/producto\/tapilla-vaca-seleccion-fileteada-600-gr-aprox\/","title":{"rendered":"Tapilla Vaca Selecci\u00f3n Fileteada 600 gr aprox."},"content":{"rendered":"<p>La Tapilla de Vaca, es tambi\u00e9n conocida como el\u00a0<strong>s<\/strong><em><strong>egundo solomillo<\/strong>,\u00a0<\/em>es una carne deliciosa.<\/p>\n<p>Esta pieza est\u00e1 situada junto a la cadera, en la zona exterior del cuarto trasero, cubierta por una capa de grasa que realza su gusto.<\/p>\n<p>&nbsp;<\/p>\n<p>*Peso aproximado 600 g.<\/p>\n<p>*En la preparaci\u00f3n de productos frescos puede existir una ligera variaci\u00f3n del precio final en funci\u00f3n del peso.<\/p>\n","protected":false},"excerpt":{"rendered":"<p>La Tapilla de Vaca, es tambi\u00e9n conocida como el\u00a0segundo solomillo,\u00a0es una carne deliciosa. Esta pieza est\u00e1 situada junto a la cadera, en la zona exterior del cuarto trasero, cubierta por una capa de grasa que realza su gusto. &nbsp; *Peso aproximado 600 g. *En la preparaci\u00f3n de productos frescos puede existir una ligera variaci\u00f3n del [&hellip;]<\/p>\n","protected":false},"featured_media":246680,"comment_status":"closed","ping_status":"closed","template":"","meta":[],"product_brand":[],"product_cat":[47,48],"product_tag":[],"class_list":{"0":"post-247979","1":"product","2":"type-product","3":"status-publish","4":"has-post-thumbnail","6":"product_cat-carnes","7":"product_cat-ternera","9":"first","10":"instock","11":"shipping-taxable","12":"purchasable","13":"product-type-simple"},"_links":{"self":[{"href":"https:\/\/mentta.fastdelivery.es\/index.php\/wp-json\/wp\/v2\/product\/247979","targetHints":{"allow":["GET"]}}],"collection":[{"href":"https:\/\/mentta.fastdelivery.es\/index.php\/wp-json\/wp\/v2\/product"}],"about":[{"href":"https:\/\/mentta.fastdelivery.es\/index.php\/wp-json\/wp\/v2\/types\/product"}],"replies":[{"embeddable":true,"href":"https:\/\/mentta.fastdelivery.es\/index.php\/wp-json\/wp\/v2\/comments?post=247979"}],"wp:featuredmedia":[{"embeddable":true,"href":"https:\/\/mentta.fastdelivery.es\/index.php\/wp-json\/wp\/v2\/media\/246680"}],"wp:attachment":[{"href":"https:\/\/mentta.fastdelivery.es\/index.php\/wp-json\/wp\/v2\/media?parent=247979"}],"wp:term":[{"taxonomy":"product_brand","embeddable":true,"href":"https:\/\/mentta.fastdelivery.es\/index.php\/wp-json\/wp\/v2\/product_brand?post=247979"},{"taxonomy":"product_cat","embeddable":true,"href":"https:\/\/mentta.fastdelivery.es\/index.php\/wp-json\/wp\/v2\/product_cat?post=247979"},{"taxonomy":"product_tag","embeddable":true,"href":"https:\/\/mentta.fastdelivery.es\/index.php\/wp-json\/wp\/v2\/product_tag?post=247979"}],"curies":[{"name":"wp","href":"https:\/\/api.w.org\/{rel}","templated":true}]}}