{"id":247984,"date":"2024-06-17T09:19:10","date_gmt":"2024-06-17T07:19:10","guid":{"rendered":"https:\/\/mentta.fastdelivery.es\/?post_type=product&#038;p=247984"},"modified":"2026-03-10T17:19:48","modified_gmt":"2026-03-10T16:19:48","slug":"filete-ternera-blanca-babilla-600-gr-aprox","status":"publish","type":"product","link":"https:\/\/mentta.fastdelivery.es\/index.php\/producto\/filete-ternera-blanca-babilla-600-gr-aprox\/","title":{"rendered":"Filete Ternera Blanca Babilla 600 gr aprox."},"content":{"rendered":"<p>Estos filetes de Babilla de\u00a0<strong>Ternera Blanca<\/strong>, pertenecientes a la cara anterior del muslo de la ternera.<\/p>\n<p>Gracias a su ternura son ideales para cocinarlos a la plancha o empanados, carne muy jugosa, tierna, con bajo contenido en grasa y f\u00e1cil de digerir.<\/p>\n<p>&nbsp;<\/p>\n<p>*Peso aprox del producto 600 gr.<\/p>\n<p>*En la preparaci\u00f3n de productos frescos puede existir una ligera variaci\u00f3n del precio final en funci\u00f3n del peso.<\/p>\n","protected":false},"excerpt":{"rendered":"<p>Estos filetes de Babilla de\u00a0Ternera Blanca, pertenecientes a la cara anterior del muslo de la ternera. Gracias a su ternura son ideales para cocinarlos a la plancha o empanados, carne muy jugosa, tierna, con bajo contenido en grasa y f\u00e1cil de digerir. &nbsp; *Peso aprox del producto 600 gr. *En la preparaci\u00f3n de productos frescos [&hellip;]<\/p>\n","protected":false},"featured_media":246654,"comment_status":"closed","ping_status":"closed","template":"","meta":[],"product_brand":[],"product_cat":[47,48],"product_tag":[],"class_list":{"0":"post-247984","1":"product","2":"type-product","3":"status-publish","4":"has-post-thumbnail","6":"product_cat-carnes","7":"product_cat-ternera","9":"first","10":"instock","11":"shipping-taxable","12":"purchasable","13":"product-type-simple"},"_links":{"self":[{"href":"https:\/\/mentta.fastdelivery.es\/index.php\/wp-json\/wp\/v2\/product\/247984","targetHints":{"allow":["GET"]}}],"collection":[{"href":"https:\/\/mentta.fastdelivery.es\/index.php\/wp-json\/wp\/v2\/product"}],"about":[{"href":"https:\/\/mentta.fastdelivery.es\/index.php\/wp-json\/wp\/v2\/types\/product"}],"replies":[{"embeddable":true,"href":"https:\/\/mentta.fastdelivery.es\/index.php\/wp-json\/wp\/v2\/comments?post=247984"}],"wp:featuredmedia":[{"embeddable":true,"href":"https:\/\/mentta.fastdelivery.es\/index.php\/wp-json\/wp\/v2\/media\/246654"}],"wp:attachment":[{"href":"https:\/\/mentta.fastdelivery.es\/index.php\/wp-json\/wp\/v2\/media?parent=247984"}],"wp:term":[{"taxonomy":"product_brand","embeddable":true,"href":"https:\/\/mentta.fastdelivery.es\/index.php\/wp-json\/wp\/v2\/product_brand?post=247984"},{"taxonomy":"product_cat","embeddable":true,"href":"https:\/\/mentta.fastdelivery.es\/index.php\/wp-json\/wp\/v2\/product_cat?post=247984"},{"taxonomy":"product_tag","embeddable":true,"href":"https:\/\/mentta.fastdelivery.es\/index.php\/wp-json\/wp\/v2\/product_tag?post=247984"}],"curies":[{"name":"wp","href":"https:\/\/api.w.org\/{rel}","templated":true}]}}