{"id":247985,"date":"2024-06-17T09:20:20","date_gmt":"2024-06-17T07:20:20","guid":{"rendered":"https:\/\/mentta.fastdelivery.es\/?post_type=product&#038;p=247985"},"modified":"2026-03-10T17:19:48","modified_gmt":"2026-03-10T16:19:48","slug":"morcillo-ternera-blanca-sin-hueso-1-kg","status":"publish","type":"product","link":"https:\/\/mentta.fastdelivery.es\/index.php\/producto\/morcillo-ternera-blanca-sin-hueso-1-kg\/","title":{"rendered":"Morcillo Ternera Blanca Sin Hueso 1 Kg"},"content":{"rendered":"<p>Esta estupenda pieza de<strong>\u00a0Morcillo de Ternera Blanca<\/strong>\u00a0sin hueso, es una carne magra con bajo contenido en grasa y rica en prote\u00ednas.<\/p>\n<p>Una de las piezas m\u00e1s sabrosas para cualquier estofado o guiso, cocin\u00e1ndolo prolongadamente se consigue una textura tierna y sabrosa.<\/p>\n<p>Alto contenido en gelatina, es meloso y tierno, lo que le dar\u00e1 un sabor \u00fanico y especial a tus guisos.<\/p>\n<p>&nbsp;<\/p>\n<p>*Peso aprox del producto 1 Kg<\/p>\n<p>*En la preparaci\u00f3n de productos frescos puede existir una ligera variaci\u00f3n del precio final en funci\u00f3n del peso.<\/p>\n","protected":false},"excerpt":{"rendered":"<p>Esta estupenda pieza de\u00a0Morcillo de Ternera Blanca\u00a0sin hueso, es una carne magra con bajo contenido en grasa y rica en prote\u00ednas. Una de las piezas m\u00e1s sabrosas para cualquier estofado o guiso, cocin\u00e1ndolo prolongadamente se consigue una textura tierna y sabrosa. Alto contenido en gelatina, es meloso y tierno, lo que le dar\u00e1 un sabor [&hellip;]<\/p>\n","protected":false},"featured_media":246645,"comment_status":"closed","ping_status":"closed","template":"","meta":[],"product_brand":[],"product_cat":[47,48],"product_tag":[],"class_list":{"0":"post-247985","1":"product","2":"type-product","3":"status-publish","4":"has-post-thumbnail","6":"product_cat-carnes","7":"product_cat-ternera","9":"first","10":"instock","11":"shipping-taxable","12":"purchasable","13":"product-type-simple"},"_links":{"self":[{"href":"https:\/\/mentta.fastdelivery.es\/index.php\/wp-json\/wp\/v2\/product\/247985","targetHints":{"allow":["GET"]}}],"collection":[{"href":"https:\/\/mentta.fastdelivery.es\/index.php\/wp-json\/wp\/v2\/product"}],"about":[{"href":"https:\/\/mentta.fastdelivery.es\/index.php\/wp-json\/wp\/v2\/types\/product"}],"replies":[{"embeddable":true,"href":"https:\/\/mentta.fastdelivery.es\/index.php\/wp-json\/wp\/v2\/comments?post=247985"}],"wp:featuredmedia":[{"embeddable":true,"href":"https:\/\/mentta.fastdelivery.es\/index.php\/wp-json\/wp\/v2\/media\/246645"}],"wp:attachment":[{"href":"https:\/\/mentta.fastdelivery.es\/index.php\/wp-json\/wp\/v2\/media?parent=247985"}],"wp:term":[{"taxonomy":"product_brand","embeddable":true,"href":"https:\/\/mentta.fastdelivery.es\/index.php\/wp-json\/wp\/v2\/product_brand?post=247985"},{"taxonomy":"product_cat","embeddable":true,"href":"https:\/\/mentta.fastdelivery.es\/index.php\/wp-json\/wp\/v2\/product_cat?post=247985"},{"taxonomy":"product_tag","embeddable":true,"href":"https:\/\/mentta.fastdelivery.es\/index.php\/wp-json\/wp\/v2\/product_tag?post=247985"}],"curies":[{"name":"wp","href":"https:\/\/api.w.org\/{rel}","templated":true}]}}