{"id":247988,"date":"2024-06-17T09:23:33","date_gmt":"2024-06-17T07:23:33","guid":{"rendered":"https:\/\/mentta.fastdelivery.es\/?post_type=product&#038;p=247988"},"modified":"2026-03-10T17:19:48","modified_gmt":"2026-03-10T16:19:48","slug":"redondo-ternera-blanca-14-kg","status":"publish","type":"product","link":"https:\/\/mentta.fastdelivery.es\/index.php\/producto\/redondo-ternera-blanca-14-kg\/","title":{"rendered":"Redondo Ternera Blanca 1,4 Kg"},"content":{"rendered":"<p>El\u00a0<strong>Redondo de Ternera Blanca<\/strong>\u00a0es un tipo de carne muy jugosa, tierna, con bajo contenido en grasa y f\u00e1cil de digerir.<\/p>\n<p>Esta pieza de carnicer\u00eda corresponde a la parte anterior del muslo.<\/p>\n<p>Es una carne recomendada para introducir en la dieta de los m\u00e1s peque\u00f1os de la casa as\u00ed como para los m\u00e1s mayores, sus prote\u00ednas naturales y bajo contenido graso la hace m\u00e1s digestiva que otros tipos de carnes.<\/p>\n<p>Dentro de las carnes blancas es sin duda la de mayor calidad.<\/p>\n<p>*Peso aprox 1,4 kg<\/p>\n<p>*El precio final variar\u00e1 en funci\u00f3n del peso, increment\u00e1ndose o disminuyendo unos c\u00e9ntimos\/euros en su factura final.<\/p>\n","protected":false},"excerpt":{"rendered":"<p>El\u00a0Redondo de Ternera Blanca\u00a0es un tipo de carne muy jugosa, tierna, con bajo contenido en grasa y f\u00e1cil de digerir. Esta pieza de carnicer\u00eda corresponde a la parte anterior del muslo. Es una carne recomendada para introducir en la dieta de los m\u00e1s peque\u00f1os de la casa as\u00ed como para los m\u00e1s mayores, sus prote\u00ednas [&hellip;]<\/p>\n","protected":false},"featured_media":246692,"comment_status":"closed","ping_status":"closed","template":"","meta":[],"product_brand":[],"product_cat":[47,48],"product_tag":[],"class_list":{"0":"post-247988","1":"product","2":"type-product","3":"status-publish","4":"has-post-thumbnail","6":"product_cat-carnes","7":"product_cat-ternera","9":"first","10":"instock","11":"shipping-taxable","12":"purchasable","13":"product-type-simple"},"_links":{"self":[{"href":"https:\/\/mentta.fastdelivery.es\/index.php\/wp-json\/wp\/v2\/product\/247988","targetHints":{"allow":["GET"]}}],"collection":[{"href":"https:\/\/mentta.fastdelivery.es\/index.php\/wp-json\/wp\/v2\/product"}],"about":[{"href":"https:\/\/mentta.fastdelivery.es\/index.php\/wp-json\/wp\/v2\/types\/product"}],"replies":[{"embeddable":true,"href":"https:\/\/mentta.fastdelivery.es\/index.php\/wp-json\/wp\/v2\/comments?post=247988"}],"wp:featuredmedia":[{"embeddable":true,"href":"https:\/\/mentta.fastdelivery.es\/index.php\/wp-json\/wp\/v2\/media\/246692"}],"wp:attachment":[{"href":"https:\/\/mentta.fastdelivery.es\/index.php\/wp-json\/wp\/v2\/media?parent=247988"}],"wp:term":[{"taxonomy":"product_brand","embeddable":true,"href":"https:\/\/mentta.fastdelivery.es\/index.php\/wp-json\/wp\/v2\/product_brand?post=247988"},{"taxonomy":"product_cat","embeddable":true,"href":"https:\/\/mentta.fastdelivery.es\/index.php\/wp-json\/wp\/v2\/product_cat?post=247988"},{"taxonomy":"product_tag","embeddable":true,"href":"https:\/\/mentta.fastdelivery.es\/index.php\/wp-json\/wp\/v2\/product_tag?post=247988"}],"curies":[{"name":"wp","href":"https:\/\/api.w.org\/{rel}","templated":true}]}}