{"id":247989,"date":"2024-06-18T07:47:13","date_gmt":"2024-06-18T05:47:13","guid":{"rendered":"https:\/\/mentta.fastdelivery.es\/?post_type=product&#038;p=247989"},"modified":"2026-03-10T17:19:48","modified_gmt":"2026-03-10T16:19:48","slug":"chuletas-cordero-lechal-1a-15-kg","status":"publish","type":"product","link":"https:\/\/mentta.fastdelivery.es\/index.php\/producto\/chuletas-cordero-lechal-1a-15-kg\/","title":{"rendered":"Chuletas Cordero Lechal 1\u00aa 1,5 kg"},"content":{"rendered":"<p>Las\u00a0<strong>Chuletas de Cordero Lechal<\/strong>\u00a0son un aut\u00e9ntico manjar. Fraccionadas cuidadosamente\u00a0a partir de piezas de corderos peque\u00f1os, alimentados exclusivamente con leche materna, su\u00a0<strong>carne es muy tierna y sabrosa<\/strong>.<\/p>\n<p>Tambi\u00e9n llamadas chuletillas de cordero, lechazo de cordero lechal&#8230;<\/p>\n<p>Ideales para hacer a la plancha o parrilla acompa\u00f1adas de un buen\u00a0vino.<\/p>\n<p>&nbsp;<\/p>\n<p>*Peso aprox del producto, carr\u00e9 chuletas completo 1,5 Kg<\/p>\n<p>*En la preparaci\u00f3n de productos frescos puede existir una ligera variaci\u00f3n del precio final en funci\u00f3n del peso.<\/p>\n","protected":false},"excerpt":{"rendered":"<p>Las\u00a0Chuletas de Cordero Lechal\u00a0son un aut\u00e9ntico manjar. Fraccionadas cuidadosamente\u00a0a partir de piezas de corderos peque\u00f1os, alimentados exclusivamente con leche materna, su\u00a0carne es muy tierna y sabrosa. Tambi\u00e9n llamadas chuletillas de cordero, lechazo de cordero lechal&#8230; Ideales para hacer a la plancha o parrilla acompa\u00f1adas de un buen\u00a0vino. &nbsp; *Peso aprox del producto, carr\u00e9 chuletas completo [&hellip;]<\/p>\n","protected":false},"featured_media":246694,"comment_status":"closed","ping_status":"closed","template":"","meta":[],"product_brand":[],"product_cat":[52],"product_tag":[],"class_list":{"0":"post-247989","1":"product","2":"type-product","3":"status-publish","4":"has-post-thumbnail","6":"product_cat-cordero","8":"first","9":"instock","10":"shipping-taxable","11":"purchasable","12":"product-type-simple"},"_links":{"self":[{"href":"https:\/\/mentta.fastdelivery.es\/index.php\/wp-json\/wp\/v2\/product\/247989","targetHints":{"allow":["GET"]}}],"collection":[{"href":"https:\/\/mentta.fastdelivery.es\/index.php\/wp-json\/wp\/v2\/product"}],"about":[{"href":"https:\/\/mentta.fastdelivery.es\/index.php\/wp-json\/wp\/v2\/types\/product"}],"replies":[{"embeddable":true,"href":"https:\/\/mentta.fastdelivery.es\/index.php\/wp-json\/wp\/v2\/comments?post=247989"}],"wp:featuredmedia":[{"embeddable":true,"href":"https:\/\/mentta.fastdelivery.es\/index.php\/wp-json\/wp\/v2\/media\/246694"}],"wp:attachment":[{"href":"https:\/\/mentta.fastdelivery.es\/index.php\/wp-json\/wp\/v2\/media?parent=247989"}],"wp:term":[{"taxonomy":"product_brand","embeddable":true,"href":"https:\/\/mentta.fastdelivery.es\/index.php\/wp-json\/wp\/v2\/product_brand?post=247989"},{"taxonomy":"product_cat","embeddable":true,"href":"https:\/\/mentta.fastdelivery.es\/index.php\/wp-json\/wp\/v2\/product_cat?post=247989"},{"taxonomy":"product_tag","embeddable":true,"href":"https:\/\/mentta.fastdelivery.es\/index.php\/wp-json\/wp\/v2\/product_tag?post=247989"}],"curies":[{"name":"wp","href":"https:\/\/api.w.org\/{rel}","templated":true}]}}