{"id":247992,"date":"2024-06-18T07:51:19","date_gmt":"2024-06-18T05:51:19","guid":{"rendered":"https:\/\/mentta.fastdelivery.es\/?post_type=product&#038;p=247992"},"modified":"2026-03-10T17:19:48","modified_gmt":"2026-03-10T16:19:48","slug":"cuello-cordero-recental-1-kg","status":"publish","type":"product","link":"https:\/\/mentta.fastdelivery.es\/index.php\/producto\/cuello-cordero-recental-1-kg\/","title":{"rendered":"Cuello Cordero Recental 1 Kg"},"content":{"rendered":"<p>La carne de\u00a0<strong>Cuello de Cordero Recental<\/strong>\u00a0es muy jugosa y tierna.<\/p>\n<p>Hasta hace poco, esta zona era la elegida para preparar estofados y sopas, pero el mundo culinario abre nuevas opciones y los cortes en forma de collar (manteniendo el hueso) son ideales tambi\u00e9n en parrilladas o para cocinar a la plancha.<\/p>\n<p>&nbsp;<\/p>\n<p>*Peso aprox del producto\u00a01 Kg<\/p>\n<p>*En la preparaci\u00f3n de productos frescos puede existir una ligera variaci\u00f3n del precio final en funci\u00f3n del peso.<\/p>\n","protected":false},"excerpt":{"rendered":"<p>La carne de\u00a0Cuello de Cordero Recental\u00a0es muy jugosa y tierna. Hasta hace poco, esta zona era la elegida para preparar estofados y sopas, pero el mundo culinario abre nuevas opciones y los cortes en forma de collar (manteniendo el hueso) son ideales tambi\u00e9n en parrilladas o para cocinar a la plancha. &nbsp; *Peso aprox del [&hellip;]<\/p>\n","protected":false},"featured_media":246696,"comment_status":"closed","ping_status":"closed","template":"","meta":[],"product_brand":[],"product_cat":[77],"product_tag":[],"class_list":{"0":"post-247992","1":"product","2":"type-product","3":"status-publish","4":"has-post-thumbnail","6":"product_cat-cordero-recental","8":"first","9":"instock","10":"shipping-taxable","11":"purchasable","12":"product-type-simple"},"_links":{"self":[{"href":"https:\/\/mentta.fastdelivery.es\/index.php\/wp-json\/wp\/v2\/product\/247992","targetHints":{"allow":["GET"]}}],"collection":[{"href":"https:\/\/mentta.fastdelivery.es\/index.php\/wp-json\/wp\/v2\/product"}],"about":[{"href":"https:\/\/mentta.fastdelivery.es\/index.php\/wp-json\/wp\/v2\/types\/product"}],"replies":[{"embeddable":true,"href":"https:\/\/mentta.fastdelivery.es\/index.php\/wp-json\/wp\/v2\/comments?post=247992"}],"wp:featuredmedia":[{"embeddable":true,"href":"https:\/\/mentta.fastdelivery.es\/index.php\/wp-json\/wp\/v2\/media\/246696"}],"wp:attachment":[{"href":"https:\/\/mentta.fastdelivery.es\/index.php\/wp-json\/wp\/v2\/media?parent=247992"}],"wp:term":[{"taxonomy":"product_brand","embeddable":true,"href":"https:\/\/mentta.fastdelivery.es\/index.php\/wp-json\/wp\/v2\/product_brand?post=247992"},{"taxonomy":"product_cat","embeddable":true,"href":"https:\/\/mentta.fastdelivery.es\/index.php\/wp-json\/wp\/v2\/product_cat?post=247992"},{"taxonomy":"product_tag","embeddable":true,"href":"https:\/\/mentta.fastdelivery.es\/index.php\/wp-json\/wp\/v2\/product_tag?post=247992"}],"curies":[{"name":"wp","href":"https:\/\/api.w.org\/{rel}","templated":true}]}}