{"id":247993,"date":"2024-06-18T08:46:44","date_gmt":"2024-06-18T06:46:44","guid":{"rendered":"https:\/\/mentta.fastdelivery.es\/?post_type=product&#038;p=247993"},"modified":"2026-03-10T17:19:48","modified_gmt":"2026-03-10T16:19:48","slug":"picada-vaca-500-gr","status":"publish","type":"product","link":"https:\/\/mentta.fastdelivery.es\/index.php\/producto\/picada-vaca-500-gr\/","title":{"rendered":"Picada Vaca 500 gr."},"content":{"rendered":"<p>La mejor<strong>\u00a0<\/strong><strong>Carne Picada de Vaca,<\/strong>\u00a0elaborada a partir de piezas de 1\u00aa calidad.<\/p>\n<p>Carne\u00a0<strong>100% natura<\/strong>l, sin preparados a\u00f1adidos, sin colorantes ni ingredientes artificiales.<\/p>\n<p>Esta carne picada es ideal para preparar alb\u00f3ndigas, hamburguesas o rellenos.<\/p>\n<p>&nbsp;<\/p>\n<p>*Peso aprox 500 g.<\/p>\n<p>*El precio final variar\u00e1 en funci\u00f3n del peso, increment\u00e1ndose o disminuyendo unos c\u00e9ntimos\/euros en su factura final.<\/p>\n","protected":false},"excerpt":{"rendered":"<p>La mejor\u00a0Carne Picada de Vaca,\u00a0elaborada a partir de piezas de 1\u00aa calidad. Carne\u00a0100% natural, sin preparados a\u00f1adidos, sin colorantes ni ingredientes artificiales. Esta carne picada es ideal para preparar alb\u00f3ndigas, hamburguesas o rellenos. &nbsp; *Peso aprox 500 g. *El precio final variar\u00e1 en funci\u00f3n del peso, increment\u00e1ndose o disminuyendo unos c\u00e9ntimos\/euros en su factura final.<\/p>\n","protected":false},"featured_media":246698,"comment_status":"closed","ping_status":"closed","template":"","meta":[],"product_brand":[],"product_cat":[47,53],"product_tag":[],"class_list":{"0":"post-247993","1":"product","2":"type-product","3":"status-publish","4":"has-post-thumbnail","6":"product_cat-carnes","7":"product_cat-hamburguesas-y-carne-picada","9":"first","10":"instock","11":"shipping-taxable","12":"purchasable","13":"product-type-simple"},"_links":{"self":[{"href":"https:\/\/mentta.fastdelivery.es\/index.php\/wp-json\/wp\/v2\/product\/247993","targetHints":{"allow":["GET"]}}],"collection":[{"href":"https:\/\/mentta.fastdelivery.es\/index.php\/wp-json\/wp\/v2\/product"}],"about":[{"href":"https:\/\/mentta.fastdelivery.es\/index.php\/wp-json\/wp\/v2\/types\/product"}],"replies":[{"embeddable":true,"href":"https:\/\/mentta.fastdelivery.es\/index.php\/wp-json\/wp\/v2\/comments?post=247993"}],"wp:featuredmedia":[{"embeddable":true,"href":"https:\/\/mentta.fastdelivery.es\/index.php\/wp-json\/wp\/v2\/media\/246698"}],"wp:attachment":[{"href":"https:\/\/mentta.fastdelivery.es\/index.php\/wp-json\/wp\/v2\/media?parent=247993"}],"wp:term":[{"taxonomy":"product_brand","embeddable":true,"href":"https:\/\/mentta.fastdelivery.es\/index.php\/wp-json\/wp\/v2\/product_brand?post=247993"},{"taxonomy":"product_cat","embeddable":true,"href":"https:\/\/mentta.fastdelivery.es\/index.php\/wp-json\/wp\/v2\/product_cat?post=247993"},{"taxonomy":"product_tag","embeddable":true,"href":"https:\/\/mentta.fastdelivery.es\/index.php\/wp-json\/wp\/v2\/product_tag?post=247993"}],"curies":[{"name":"wp","href":"https:\/\/api.w.org\/{rel}","templated":true}]}}