{"id":247994,"date":"2024-06-18T08:48:44","date_gmt":"2024-06-18T06:48:44","guid":{"rendered":"https:\/\/mentta.fastdelivery.es\/?post_type=product&#038;p=247994"},"modified":"2026-03-10T17:19:48","modified_gmt":"2026-03-10T16:19:48","slug":"picada-mixta-600-gr-aprox","status":"publish","type":"product","link":"https:\/\/mentta.fastdelivery.es\/index.php\/producto\/picada-mixta-600-gr-aprox\/","title":{"rendered":"Picada Mixta 600 gr aprox"},"content":{"rendered":"<p>La\u00a0<strong>Carne Picada\u00a0de Cerdo<\/strong>\u00a0est\u00e1 formada por carne magra de cerdo Duroc picada, esta raza de cerdo tiene m\u00e1s grasa que el cerdo que se comercializa normalmente, pero la calidad es considerablemente mejor.<\/p>\n<p>Con esta carne podr\u00e1s hacer todo tipo de rellenos, salsas como la bolo\u00f1esa, pasteles de carne, alb\u00f3ndigas, filetes rusos&#8230;<\/p>\n<p>Carne tierna y de suave sabor.<\/p>\n<p>&nbsp;<\/p>\n<p>*Peso aprox 600 gr<\/p>\n<p>*El precio final variar\u00e1 en funci\u00f3n del peso, increment\u00e1ndose o disminuyendo unos c\u00e9ntimos\/euros en su factura final.<\/p>\n","protected":false},"excerpt":{"rendered":"<p>La\u00a0Carne Picada\u00a0de Cerdo\u00a0est\u00e1 formada por carne magra de cerdo Duroc picada, esta raza de cerdo tiene m\u00e1s grasa que el cerdo que se comercializa normalmente, pero la calidad es considerablemente mejor. Con esta carne podr\u00e1s hacer todo tipo de rellenos, salsas como la bolo\u00f1esa, pasteles de carne, alb\u00f3ndigas, filetes rusos&#8230; Carne tierna y de suave [&hellip;]<\/p>\n","protected":false},"featured_media":246700,"comment_status":"closed","ping_status":"closed","template":"","meta":[],"product_brand":[],"product_cat":[47,53],"product_tag":[],"class_list":{"0":"post-247994","1":"product","2":"type-product","3":"status-publish","4":"has-post-thumbnail","6":"product_cat-carnes","7":"product_cat-hamburguesas-y-carne-picada","9":"first","10":"instock","11":"shipping-taxable","12":"purchasable","13":"product-type-simple"},"_links":{"self":[{"href":"https:\/\/mentta.fastdelivery.es\/index.php\/wp-json\/wp\/v2\/product\/247994","targetHints":{"allow":["GET"]}}],"collection":[{"href":"https:\/\/mentta.fastdelivery.es\/index.php\/wp-json\/wp\/v2\/product"}],"about":[{"href":"https:\/\/mentta.fastdelivery.es\/index.php\/wp-json\/wp\/v2\/types\/product"}],"replies":[{"embeddable":true,"href":"https:\/\/mentta.fastdelivery.es\/index.php\/wp-json\/wp\/v2\/comments?post=247994"}],"wp:featuredmedia":[{"embeddable":true,"href":"https:\/\/mentta.fastdelivery.es\/index.php\/wp-json\/wp\/v2\/media\/246700"}],"wp:attachment":[{"href":"https:\/\/mentta.fastdelivery.es\/index.php\/wp-json\/wp\/v2\/media?parent=247994"}],"wp:term":[{"taxonomy":"product_brand","embeddable":true,"href":"https:\/\/mentta.fastdelivery.es\/index.php\/wp-json\/wp\/v2\/product_brand?post=247994"},{"taxonomy":"product_cat","embeddable":true,"href":"https:\/\/mentta.fastdelivery.es\/index.php\/wp-json\/wp\/v2\/product_cat?post=247994"},{"taxonomy":"product_tag","embeddable":true,"href":"https:\/\/mentta.fastdelivery.es\/index.php\/wp-json\/wp\/v2\/product_tag?post=247994"}],"curies":[{"name":"wp","href":"https:\/\/api.w.org\/{rel}","templated":true}]}}