{"id":247997,"date":"2024-06-18T08:54:51","date_gmt":"2024-06-18T06:54:51","guid":{"rendered":"https:\/\/mentta.fastdelivery.es\/?post_type=product&#038;p=247997"},"modified":"2026-03-10T17:19:48","modified_gmt":"2026-03-10T16:19:48","slug":"hamburguesa-lomo-vaca-madurada-2-und-450-gr-aprox","status":"publish","type":"product","link":"https:\/\/mentta.fastdelivery.es\/index.php\/producto\/hamburguesa-lomo-vaca-madurada-2-und-450-gr-aprox\/","title":{"rendered":"Hamburguesa Lomo Vaca Madurada (2 und) 450 gr. aprox"},"content":{"rendered":"<p>Jugosidad y sabor extremo definen estas\u00a0<strong>Hamburguesas Gourmet\u00a0<\/strong>de<strong>\u00a0Lomo de Vaca Madurada<\/strong>\u00a0de\u00a0<strong>Grupo Los Norte\u00f1os.<\/strong><\/p>\n<p>Una hamburguesa \u00fanica en sabor y\u00a0<strong>100% artesana<\/strong>. Para su elaboraci\u00f3n se utiliza un 20% de grasa de lomo alto (una de las partes m\u00e1s nobles de la vaca) previamente madurado y ternera seleccionada que se desnerva manualmente. Aderezadas con un peque\u00f1o ali\u00f1o tradicional a base de pimienta y sal.<\/p>\n<p>Absolutamente libre de nervios e impurezas y con mucho sabor gracias al tiempo en c\u00e1mara y la procedencia de la materia prima.<\/p>\n<p>*Se sirven en packs de 2 unidades. Peso aproximado del pack 450 g.<\/p>\n","protected":false},"excerpt":{"rendered":"<p>Jugosidad y sabor extremo definen estas\u00a0Hamburguesas Gourmet\u00a0de\u00a0Lomo de Vaca Madurada\u00a0de\u00a0Grupo Los Norte\u00f1os. Una hamburguesa \u00fanica en sabor y\u00a0100% artesana. Para su elaboraci\u00f3n se utiliza un 20% de grasa de lomo alto (una de las partes m\u00e1s nobles de la vaca) previamente madurado y ternera seleccionada que se desnerva manualmente. Aderezadas con un peque\u00f1o ali\u00f1o tradicional [&hellip;]<\/p>\n","protected":false},"featured_media":246702,"comment_status":"closed","ping_status":"closed","template":"","meta":[],"product_brand":[],"product_cat":[47,53],"product_tag":[],"class_list":{"0":"post-247997","1":"product","2":"type-product","3":"status-publish","4":"has-post-thumbnail","6":"product_cat-carnes","7":"product_cat-hamburguesas-y-carne-picada","9":"first","10":"instock","11":"shipping-taxable","12":"purchasable","13":"product-type-simple"},"_links":{"self":[{"href":"https:\/\/mentta.fastdelivery.es\/index.php\/wp-json\/wp\/v2\/product\/247997","targetHints":{"allow":["GET"]}}],"collection":[{"href":"https:\/\/mentta.fastdelivery.es\/index.php\/wp-json\/wp\/v2\/product"}],"about":[{"href":"https:\/\/mentta.fastdelivery.es\/index.php\/wp-json\/wp\/v2\/types\/product"}],"replies":[{"embeddable":true,"href":"https:\/\/mentta.fastdelivery.es\/index.php\/wp-json\/wp\/v2\/comments?post=247997"}],"wp:featuredmedia":[{"embeddable":true,"href":"https:\/\/mentta.fastdelivery.es\/index.php\/wp-json\/wp\/v2\/media\/246702"}],"wp:attachment":[{"href":"https:\/\/mentta.fastdelivery.es\/index.php\/wp-json\/wp\/v2\/media?parent=247997"}],"wp:term":[{"taxonomy":"product_brand","embeddable":true,"href":"https:\/\/mentta.fastdelivery.es\/index.php\/wp-json\/wp\/v2\/product_brand?post=247997"},{"taxonomy":"product_cat","embeddable":true,"href":"https:\/\/mentta.fastdelivery.es\/index.php\/wp-json\/wp\/v2\/product_cat?post=247997"},{"taxonomy":"product_tag","embeddable":true,"href":"https:\/\/mentta.fastdelivery.es\/index.php\/wp-json\/wp\/v2\/product_tag?post=247997"}],"curies":[{"name":"wp","href":"https:\/\/api.w.org\/{rel}","templated":true}]}}