{"id":247998,"date":"2024-06-18T08:59:09","date_gmt":"2024-06-18T06:59:09","guid":{"rendered":"https:\/\/mentta.fastdelivery.es\/?post_type=product&#038;p=247998"},"modified":"2026-03-10T17:19:47","modified_gmt":"2026-03-10T16:19:47","slug":"hamburguesa-angus-2-und-450-gr-aprox","status":"publish","type":"product","link":"https:\/\/mentta.fastdelivery.es\/index.php\/producto\/hamburguesa-angus-2-und-450-gr-aprox\/","title":{"rendered":"Hamburguesa Angus (2 und) 450 gr aprox."},"content":{"rendered":"<p><strong>Hamburguesas Angus<\/strong>, esta deliciosa carne se caracteriza por su grasa intramuscular infiltrada, un sabor \u00fanico, muy tiernas y jugosas, con una ajustada cantidad de grasas insaturadas.<\/p>\n<p>La\u00a0<strong>carne del Buey Angus<\/strong>\u00a0est\u00e1 considerada como una de las mejores carnes del mundo. S\u00f3lo hay que cocinarla con un poco m\u00e1s de delicadeza que cualquier otra, para disfrutar de su m\u00e1ximo sabor, el cual se potencia en la parrilla, plancha o sart\u00e9n al fundirse su delicada grasa.<\/p>\n<p>Se recomienda sacar la pieza del envase y dejarla a temperatura ambiente 1 o 2 horas antes, cocinarla con unas gotas de aceite de oliva carameliz\u00e1ndola por ambas caras y dej\u00e1ndola al punto semicruda en el interior.<\/p>\n<p>*Se sirven en packs de 2 unidades. Peso aproximado del pack 450 g.<\/p>\n","protected":false},"excerpt":{"rendered":"<p>Hamburguesas Angus, esta deliciosa carne se caracteriza por su grasa intramuscular infiltrada, un sabor \u00fanico, muy tiernas y jugosas, con una ajustada cantidad de grasas insaturadas. La\u00a0carne del Buey Angus\u00a0est\u00e1 considerada como una de las mejores carnes del mundo. S\u00f3lo hay que cocinarla con un poco m\u00e1s de delicadeza que cualquier otra, para disfrutar de [&hellip;]<\/p>\n","protected":false},"featured_media":246704,"comment_status":"closed","ping_status":"closed","template":"","meta":[],"product_brand":[],"product_cat":[47,53],"product_tag":[],"class_list":{"0":"post-247998","1":"product","2":"type-product","3":"status-publish","4":"has-post-thumbnail","6":"product_cat-carnes","7":"product_cat-hamburguesas-y-carne-picada","9":"first","10":"instock","11":"shipping-taxable","12":"purchasable","13":"product-type-simple"},"_links":{"self":[{"href":"https:\/\/mentta.fastdelivery.es\/index.php\/wp-json\/wp\/v2\/product\/247998","targetHints":{"allow":["GET"]}}],"collection":[{"href":"https:\/\/mentta.fastdelivery.es\/index.php\/wp-json\/wp\/v2\/product"}],"about":[{"href":"https:\/\/mentta.fastdelivery.es\/index.php\/wp-json\/wp\/v2\/types\/product"}],"replies":[{"embeddable":true,"href":"https:\/\/mentta.fastdelivery.es\/index.php\/wp-json\/wp\/v2\/comments?post=247998"}],"wp:featuredmedia":[{"embeddable":true,"href":"https:\/\/mentta.fastdelivery.es\/index.php\/wp-json\/wp\/v2\/media\/246704"}],"wp:attachment":[{"href":"https:\/\/mentta.fastdelivery.es\/index.php\/wp-json\/wp\/v2\/media?parent=247998"}],"wp:term":[{"taxonomy":"product_brand","embeddable":true,"href":"https:\/\/mentta.fastdelivery.es\/index.php\/wp-json\/wp\/v2\/product_brand?post=247998"},{"taxonomy":"product_cat","embeddable":true,"href":"https:\/\/mentta.fastdelivery.es\/index.php\/wp-json\/wp\/v2\/product_cat?post=247998"},{"taxonomy":"product_tag","embeddable":true,"href":"https:\/\/mentta.fastdelivery.es\/index.php\/wp-json\/wp\/v2\/product_tag?post=247998"}],"curies":[{"name":"wp","href":"https:\/\/api.w.org\/{rel}","templated":true}]}}