{"id":248002,"date":"2024-06-18T09:09:10","date_gmt":"2024-06-18T07:09:10","guid":{"rendered":"https:\/\/mentta.fastdelivery.es\/?post_type=product&#038;p=248002"},"modified":"2026-03-10T17:19:47","modified_gmt":"2026-03-10T16:19:47","slug":"picada-ternera-500-gr","status":"publish","type":"product","link":"https:\/\/mentta.fastdelivery.es\/index.php\/producto\/picada-ternera-500-gr\/","title":{"rendered":"Picada Ternera 500 gr."},"content":{"rendered":"<p>La mejor\u00a0<strong>Carne Picada de Ternera<\/strong>, elaborada a partir de piezas de 1\u00aa calidad.<\/p>\n<p>Carne\u00a0<strong>100% natural<\/strong>, sin preparados a\u00f1adidos, sin colorantes ni ingredientes artificiales.<\/p>\n<p>Esta carne picada es ideal para preparar alb\u00f3ndigas, hamburguesas o rellenos.<\/p>\n<p>&nbsp;<\/p>\n<p>*Peso aprox 500 g.<\/p>\n<p>*El precio final variar\u00e1 en funci\u00f3n del peso, increment\u00e1ndose o disminuyendo unos c\u00e9ntimos\/euros en su factura final.<\/p>\n","protected":false},"excerpt":{"rendered":"<p>La mejor\u00a0Carne Picada de Ternera, elaborada a partir de piezas de 1\u00aa calidad. Carne\u00a0100% natural, sin preparados a\u00f1adidos, sin colorantes ni ingredientes artificiales. Esta carne picada es ideal para preparar alb\u00f3ndigas, hamburguesas o rellenos. &nbsp; *Peso aprox 500 g. *El precio final variar\u00e1 en funci\u00f3n del peso, increment\u00e1ndose o disminuyendo unos c\u00e9ntimos\/euros en su factura [&hellip;]<\/p>\n","protected":false},"featured_media":246698,"comment_status":"closed","ping_status":"closed","template":"","meta":[],"product_brand":[],"product_cat":[47,53],"product_tag":[],"class_list":{"0":"post-248002","1":"product","2":"type-product","3":"status-publish","4":"has-post-thumbnail","6":"product_cat-carnes","7":"product_cat-hamburguesas-y-carne-picada","9":"first","10":"instock","11":"shipping-taxable","12":"purchasable","13":"product-type-simple"},"_links":{"self":[{"href":"https:\/\/mentta.fastdelivery.es\/index.php\/wp-json\/wp\/v2\/product\/248002","targetHints":{"allow":["GET"]}}],"collection":[{"href":"https:\/\/mentta.fastdelivery.es\/index.php\/wp-json\/wp\/v2\/product"}],"about":[{"href":"https:\/\/mentta.fastdelivery.es\/index.php\/wp-json\/wp\/v2\/types\/product"}],"replies":[{"embeddable":true,"href":"https:\/\/mentta.fastdelivery.es\/index.php\/wp-json\/wp\/v2\/comments?post=248002"}],"wp:featuredmedia":[{"embeddable":true,"href":"https:\/\/mentta.fastdelivery.es\/index.php\/wp-json\/wp\/v2\/media\/246698"}],"wp:attachment":[{"href":"https:\/\/mentta.fastdelivery.es\/index.php\/wp-json\/wp\/v2\/media?parent=248002"}],"wp:term":[{"taxonomy":"product_brand","embeddable":true,"href":"https:\/\/mentta.fastdelivery.es\/index.php\/wp-json\/wp\/v2\/product_brand?post=248002"},{"taxonomy":"product_cat","embeddable":true,"href":"https:\/\/mentta.fastdelivery.es\/index.php\/wp-json\/wp\/v2\/product_cat?post=248002"},{"taxonomy":"product_tag","embeddable":true,"href":"https:\/\/mentta.fastdelivery.es\/index.php\/wp-json\/wp\/v2\/product_tag?post=248002"}],"curies":[{"name":"wp","href":"https:\/\/api.w.org\/{rel}","templated":true}]}}