{"id":248007,"date":"2024-06-18T09:58:21","date_gmt":"2024-06-18T07:58:21","guid":{"rendered":"https:\/\/mentta.fastdelivery.es\/?post_type=product&#038;p=248007"},"modified":"2026-03-10T17:19:47","modified_gmt":"2026-03-10T16:19:47","slug":"triptofano-melatonina-60-comprimidos","status":"publish","type":"product","link":"https:\/\/mentta.fastdelivery.es\/index.php\/producto\/triptofano-melatonina-60-comprimidos\/","title":{"rendered":"Tript\u00f3fano + Melatonina (60 comprimidos)"},"content":{"rendered":"<p>SUPERACI\u00d3N DIARIA SIN CANSANCIO NI FATIGA. El Magnesio y las Vitaminas B6, B5 y B3 contribuyen al metabolismo energ\u00e9tico normal y a disminuir el cansancio y la fatiga. RENDIMIENTO INTELECTUAL y PSICOL\u00d3GICO. La Vitamina B5 contribuye al normal rendimiento intelectual. El Magnesio y las Vitaminas B6 y B3 ayudan al normal funcionamiento psicol\u00f3gico y del sistema nervioso.<\/p>\n<p><strong>PRESENTACI\u00d3N<\/strong><\/p>\n<p>60 comprimidos.<\/p>\n<p><strong>INGREDIENTES<\/strong><\/p>\n<p>Por comprimido: L-Tript\u00f3fano: 300 mg, Magnesio (\u00d3xido de magnesio): 200 mg, Alga espirulina (<i>Spirulina platensis<\/i>): 39 mg, Vitamina B3 (Nicotinamida): 4 mg, Vitamina B5 (Calcio D-Pantotenato): 1,5 mg, Vitamina B6 (Clorhidrato de Piridoxina): 0,7 mg, Melatonina: 0,5 mg.<\/p>\n<p><strong>TABLA INGREDIENTES<\/strong><\/p>\n<p><b>Cantidad por d\u00eda (2 comprimidos):<\/b><b>\u00a0<\/b>L-Tript\u00f3fano (570 mg), Magnesio (239 mg), Espirulina (78 mg), Vitamina B3 (8,0 mg), Vitamina B5 (2,7 mg), Vitamina B6 (1,2 mg), Melatonina (1 mg).<\/p>\n<p><strong>MODO DE EMPLEO<\/strong><\/p>\n<p>Tomar 2 comprimidos al d\u00eda, 1 comprimido en la comida y otro en la cena.<\/p>\n<p><strong>CONTRAINDICACIONES<\/strong><\/p>\n<p>No recomendado en embarazo, personas con tratamiento antidepresivo o con insuficiencia renal.<\/p>\n<p><strong>PRECAUCIONES<\/strong><\/p>\n<p>&#8211;<\/p>\n<p><strong>AL\u00c9RGENOS<\/strong><\/p>\n<p>&#8211;<\/p>\n","protected":false},"excerpt":{"rendered":"<p>SUPERACI\u00d3N DIARIA SIN CANSANCIO NI FATIGA. El Magnesio y las Vitaminas B6, B5 y B3 contribuyen al metabolismo energ\u00e9tico normal y a disminuir el cansancio y la fatiga. RENDIMIENTO INTELECTUAL y PSICOL\u00d3GICO. La Vitamina B5 contribuye al normal rendimiento intelectual. El Magnesio y las Vitaminas B6 y B3 ayudan al normal funcionamiento psicol\u00f3gico y del [&hellip;]<\/p>\n","protected":false},"featured_media":246715,"comment_status":"closed","ping_status":"closed","template":"","meta":[],"product_brand":[],"product_cat":[40],"product_tag":[],"class_list":{"0":"post-248007","1":"product","2":"type-product","3":"status-publish","4":"has-post-thumbnail","6":"product_cat-dietetica-adelganzantes","8":"first","9":"instock","10":"shipping-taxable","11":"purchasable","12":"product-type-simple"},"_links":{"self":[{"href":"https:\/\/mentta.fastdelivery.es\/index.php\/wp-json\/wp\/v2\/product\/248007","targetHints":{"allow":["GET"]}}],"collection":[{"href":"https:\/\/mentta.fastdelivery.es\/index.php\/wp-json\/wp\/v2\/product"}],"about":[{"href":"https:\/\/mentta.fastdelivery.es\/index.php\/wp-json\/wp\/v2\/types\/product"}],"replies":[{"embeddable":true,"href":"https:\/\/mentta.fastdelivery.es\/index.php\/wp-json\/wp\/v2\/comments?post=248007"}],"wp:featuredmedia":[{"embeddable":true,"href":"https:\/\/mentta.fastdelivery.es\/index.php\/wp-json\/wp\/v2\/media\/246715"}],"wp:attachment":[{"href":"https:\/\/mentta.fastdelivery.es\/index.php\/wp-json\/wp\/v2\/media?parent=248007"}],"wp:term":[{"taxonomy":"product_brand","embeddable":true,"href":"https:\/\/mentta.fastdelivery.es\/index.php\/wp-json\/wp\/v2\/product_brand?post=248007"},{"taxonomy":"product_cat","embeddable":true,"href":"https:\/\/mentta.fastdelivery.es\/index.php\/wp-json\/wp\/v2\/product_cat?post=248007"},{"taxonomy":"product_tag","embeddable":true,"href":"https:\/\/mentta.fastdelivery.es\/index.php\/wp-json\/wp\/v2\/product_tag?post=248007"}],"curies":[{"name":"wp","href":"https:\/\/api.w.org\/{rel}","templated":true}]}}