{"id":248010,"date":"2024-06-18T10:04:57","date_gmt":"2024-06-18T08:04:57","guid":{"rendered":"https:\/\/mentta.fastdelivery.es\/?post_type=product&#038;p=248010"},"modified":"2026-03-10T17:19:47","modified_gmt":"2026-03-10T16:19:47","slug":"regulaxol-forte-30-capsulas","status":"publish","type":"product","link":"https:\/\/mentta.fastdelivery.es\/index.php\/producto\/regulaxol-forte-30-capsulas\/","title":{"rendered":"Regulaxol forte (30 c\u00e1psulas)"},"content":{"rendered":"<p>REGULARIDAD INTESTINAL . El Sen ayuda a mantener la regularidad intestinal.<\/p>\n<p><strong>PRESENTACI\u00d3N<\/strong><\/p>\n<p>30 c\u00e1psulas.<\/p>\n<p><strong>INGREDIENTES<\/strong><\/p>\n<p>Almid\u00f3n de ma\u00edz, Sen extracto seco (Senna alexandrina Mill, hoja), Componentes de la cubierta de la c\u00e1psula (Hidroxipropilmetilcelulosa), C\u00e1scara sagrada extracto seco (Rhamnus purshiana DC, corteza), Fr\u00e1ngula extracto seco (Rhamnus frangula L., corteza) Agentes de carga (Celulosa, Silicato de Magnesio), Antiaglomerantes (Sales magn\u00e9sicas de \u00e1cidos grasos, Di\u00f3xido de silicio), L-Glutamina.<\/p>\n<p><strong>TABLA INGREDIENTES<\/strong><\/p>\n<p><b>Cantidad por d\u00eda (1 c\u00e1psula):<\/b><b>\u00a0<\/b>Sen extracto seco (125 mg), (12% S\u00e9nosidos) (15 mg), C\u00e1scara sagrada extracto seco (69 mg), (20%, cascar\u00f3sidos) (13,8 mg), Fr\u00e1ngula extracto seco (5 mg), (2,5 Reina) (0,125 mg), L-Glutamina (5 mg).<\/p>\n<p><strong>MODO DE EMPLEO<\/strong><\/p>\n<p>Tomar 1 c\u00e1psula al d\u00eda despu\u00e9s de la cena.<\/p>\n<p><strong>CONTRAINDICACIONES<\/strong><\/p>\n<p>No recomendado en ni\u00f1os menores de 12 a\u00f1os. Antes de consumir el producto, debe consultar a su especialista si est\u00e1 embarazada, en periodo de lac-tancia, si padece alg\u00fan problema de coraz\u00f3n o va a consumir el producto durante un tiempo prolongado.<\/p>\n<p><strong>PRECAUCIONES<\/strong><\/p>\n<p>&#8211;<\/p>\n<p><strong>AL\u00c9RGENOS<\/strong><\/p>\n<p>Sin gluten, vegano.<\/p>\n","protected":false},"excerpt":{"rendered":"<p>REGULARIDAD INTESTINAL . El Sen ayuda a mantener la regularidad intestinal. PRESENTACI\u00d3N 30 c\u00e1psulas. INGREDIENTES Almid\u00f3n de ma\u00edz, Sen extracto seco (Senna alexandrina Mill, hoja), Componentes de la cubierta de la c\u00e1psula (Hidroxipropilmetilcelulosa), C\u00e1scara sagrada extracto seco (Rhamnus purshiana DC, corteza), Fr\u00e1ngula extracto seco (Rhamnus frangula L., corteza) Agentes de carga (Celulosa, Silicato de Magnesio), [&hellip;]<\/p>\n","protected":false},"featured_media":246717,"comment_status":"closed","ping_status":"closed","template":"","meta":[],"product_brand":[],"product_cat":[40],"product_tag":[],"class_list":{"0":"post-248010","1":"product","2":"type-product","3":"status-publish","4":"has-post-thumbnail","6":"product_cat-dietetica-adelganzantes","8":"first","9":"instock","10":"shipping-taxable","11":"purchasable","12":"product-type-simple"},"_links":{"self":[{"href":"https:\/\/mentta.fastdelivery.es\/index.php\/wp-json\/wp\/v2\/product\/248010","targetHints":{"allow":["GET"]}}],"collection":[{"href":"https:\/\/mentta.fastdelivery.es\/index.php\/wp-json\/wp\/v2\/product"}],"about":[{"href":"https:\/\/mentta.fastdelivery.es\/index.php\/wp-json\/wp\/v2\/types\/product"}],"replies":[{"embeddable":true,"href":"https:\/\/mentta.fastdelivery.es\/index.php\/wp-json\/wp\/v2\/comments?post=248010"}],"wp:featuredmedia":[{"embeddable":true,"href":"https:\/\/mentta.fastdelivery.es\/index.php\/wp-json\/wp\/v2\/media\/246717"}],"wp:attachment":[{"href":"https:\/\/mentta.fastdelivery.es\/index.php\/wp-json\/wp\/v2\/media?parent=248010"}],"wp:term":[{"taxonomy":"product_brand","embeddable":true,"href":"https:\/\/mentta.fastdelivery.es\/index.php\/wp-json\/wp\/v2\/product_brand?post=248010"},{"taxonomy":"product_cat","embeddable":true,"href":"https:\/\/mentta.fastdelivery.es\/index.php\/wp-json\/wp\/v2\/product_cat?post=248010"},{"taxonomy":"product_tag","embeddable":true,"href":"https:\/\/mentta.fastdelivery.es\/index.php\/wp-json\/wp\/v2\/product_tag?post=248010"}],"curies":[{"name":"wp","href":"https:\/\/api.w.org\/{rel}","templated":true}]}}