{"id":248012,"date":"2024-06-18T10:11:28","date_gmt":"2024-06-18T08:11:28","guid":{"rendered":"https:\/\/mentta.fastdelivery.es\/?post_type=product&#038;p=248012"},"modified":"2026-03-10T17:19:47","modified_gmt":"2026-03-10T16:19:47","slug":"queso-payoyo-semicurado-cabra-400g-aprox","status":"publish","type":"product","link":"https:\/\/mentta.fastdelivery.es\/index.php\/producto\/queso-payoyo-semicurado-cabra-400g-aprox\/","title":{"rendered":"Queso Payoyo Semicurado Cabra 400g aprox"},"content":{"rendered":"<p><strong>Queso Payoyo Semicurado Cabra<\/strong>\u00a0400g aprox<\/p>\n<p>Queso de leche entera de coagulaci\u00f3n enzim\u00e1tica, de color muy claro debido a su corteza natural, muy cremoso, sabor a frutos secos, con una maduraci\u00f3n m\u00ednima de 35 d\u00edas y ligeramente acido y sabroso.<\/p>\n<p><strong>Premiado de forma sistem\u00e1tica en los World Cheese Awards<\/strong>.<\/p>\n<p>*Precio por peso aproximado de\u00a0<strong>cu\u00f1a de 400 gr<\/strong>.<\/p>\n","protected":false},"excerpt":{"rendered":"<p>Queso Payoyo Semicurado Cabra\u00a0400g aprox Queso de leche entera de coagulaci\u00f3n enzim\u00e1tica, de color muy claro debido a su corteza natural, muy cremoso, sabor a frutos secos, con una maduraci\u00f3n m\u00ednima de 35 d\u00edas y ligeramente acido y sabroso. Premiado de forma sistem\u00e1tica en los World Cheese Awards. *Precio por peso aproximado de\u00a0cu\u00f1a de 400 [&hellip;]<\/p>\n","protected":false},"featured_media":246721,"comment_status":"closed","ping_status":"closed","template":"","meta":[],"product_brand":[],"product_cat":[56],"product_tag":[],"class_list":{"0":"post-248012","1":"product","2":"type-product","3":"status-publish","4":"has-post-thumbnail","6":"product_cat-quesos","8":"first","9":"instock","10":"shipping-taxable","11":"purchasable","12":"product-type-simple"},"_links":{"self":[{"href":"https:\/\/mentta.fastdelivery.es\/index.php\/wp-json\/wp\/v2\/product\/248012","targetHints":{"allow":["GET"]}}],"collection":[{"href":"https:\/\/mentta.fastdelivery.es\/index.php\/wp-json\/wp\/v2\/product"}],"about":[{"href":"https:\/\/mentta.fastdelivery.es\/index.php\/wp-json\/wp\/v2\/types\/product"}],"replies":[{"embeddable":true,"href":"https:\/\/mentta.fastdelivery.es\/index.php\/wp-json\/wp\/v2\/comments?post=248012"}],"wp:featuredmedia":[{"embeddable":true,"href":"https:\/\/mentta.fastdelivery.es\/index.php\/wp-json\/wp\/v2\/media\/246721"}],"wp:attachment":[{"href":"https:\/\/mentta.fastdelivery.es\/index.php\/wp-json\/wp\/v2\/media?parent=248012"}],"wp:term":[{"taxonomy":"product_brand","embeddable":true,"href":"https:\/\/mentta.fastdelivery.es\/index.php\/wp-json\/wp\/v2\/product_brand?post=248012"},{"taxonomy":"product_cat","embeddable":true,"href":"https:\/\/mentta.fastdelivery.es\/index.php\/wp-json\/wp\/v2\/product_cat?post=248012"},{"taxonomy":"product_tag","embeddable":true,"href":"https:\/\/mentta.fastdelivery.es\/index.php\/wp-json\/wp\/v2\/product_tag?post=248012"}],"curies":[{"name":"wp","href":"https:\/\/api.w.org\/{rel}","templated":true}]}}