{"id":248023,"date":"2024-06-23T16:57:50","date_gmt":"2024-06-23T14:57:50","guid":{"rendered":"https:\/\/mentta.fastdelivery.es\/?post_type=product&#038;p=248023"},"modified":"2026-03-10T17:19:47","modified_gmt":"2026-03-10T16:19:47","slug":"filetes-pechuga-de-pavo-frescos-600-gr-aprox","status":"publish","type":"product","link":"https:\/\/mentta.fastdelivery.es\/index.php\/producto\/filetes-pechuga-de-pavo-frescos-600-gr-aprox\/","title":{"rendered":"Filetes Pechuga de Pavo Frescos 600 gr aprox."},"content":{"rendered":"<p>Los\u00a0<strong>Filetes de Pechuga de Pavo<\/strong>, es una opci\u00f3n de dieta ligera, con poca grasa y tiene muchas ventajas nutricionales.<\/p>\n<p>Los filetes son una soluci\u00f3n r\u00e1pida y vers\u00e1til en la cocina.\u00a0Jugosos y excelentes a la plancha o empanados.<\/p>\n<p>Junto con la carne de pollo y carne de conejo, son las que poseen un<strong>\u00a0menor contenido en grasa y colesterol<\/strong>, sobretodo si se consume sin piel.<\/p>\n<p>&nbsp;<\/p>\n<p>*Peso aprox del producto 600 gr<\/p>\n<p>*En la preparaci\u00f3n de productos frescos puede existir una ligera variaci\u00f3n del precio final en funci\u00f3n del peso.<\/p>\n","protected":false},"excerpt":{"rendered":"<p>Los\u00a0Filetes de Pechuga de Pavo, es una opci\u00f3n de dieta ligera, con poca grasa y tiene muchas ventajas nutricionales. Los filetes son una soluci\u00f3n r\u00e1pida y vers\u00e1til en la cocina.\u00a0Jugosos y excelentes a la plancha o empanados. Junto con la carne de pollo y carne de conejo, son las que poseen un\u00a0menor contenido en grasa [&hellip;]<\/p>\n","protected":false},"featured_media":246735,"comment_status":"closed","ping_status":"closed","template":"","meta":[],"product_brand":[],"product_cat":[59],"product_tag":[],"class_list":{"0":"post-248023","1":"product","2":"type-product","3":"status-publish","4":"has-post-thumbnail","6":"product_cat-pavo","8":"first","9":"instock","10":"shipping-taxable","11":"purchasable","12":"product-type-simple"},"_links":{"self":[{"href":"https:\/\/mentta.fastdelivery.es\/index.php\/wp-json\/wp\/v2\/product\/248023","targetHints":{"allow":["GET"]}}],"collection":[{"href":"https:\/\/mentta.fastdelivery.es\/index.php\/wp-json\/wp\/v2\/product"}],"about":[{"href":"https:\/\/mentta.fastdelivery.es\/index.php\/wp-json\/wp\/v2\/types\/product"}],"replies":[{"embeddable":true,"href":"https:\/\/mentta.fastdelivery.es\/index.php\/wp-json\/wp\/v2\/comments?post=248023"}],"wp:featuredmedia":[{"embeddable":true,"href":"https:\/\/mentta.fastdelivery.es\/index.php\/wp-json\/wp\/v2\/media\/246735"}],"wp:attachment":[{"href":"https:\/\/mentta.fastdelivery.es\/index.php\/wp-json\/wp\/v2\/media?parent=248023"}],"wp:term":[{"taxonomy":"product_brand","embeddable":true,"href":"https:\/\/mentta.fastdelivery.es\/index.php\/wp-json\/wp\/v2\/product_brand?post=248023"},{"taxonomy":"product_cat","embeddable":true,"href":"https:\/\/mentta.fastdelivery.es\/index.php\/wp-json\/wp\/v2\/product_cat?post=248023"},{"taxonomy":"product_tag","embeddable":true,"href":"https:\/\/mentta.fastdelivery.es\/index.php\/wp-json\/wp\/v2\/product_tag?post=248023"}],"curies":[{"name":"wp","href":"https:\/\/api.w.org\/{rel}","templated":true}]}}