{"id":248024,"date":"2024-06-23T17:10:48","date_gmt":"2024-06-23T15:10:48","guid":{"rendered":"https:\/\/mentta.fastdelivery.es\/?post_type=product&#038;p=248024"},"modified":"2026-03-10T17:19:47","modified_gmt":"2026-03-10T16:19:47","slug":"roti-de-pavo-congelado-2-kg-aprox","status":"publish","type":"product","link":"https:\/\/mentta.fastdelivery.es\/index.php\/producto\/roti-de-pavo-congelado-2-kg-aprox\/","title":{"rendered":"Roti de Pavo Congelado 2 Kg aprox."},"content":{"rendered":"<p>Delicioso\u00a0<strong>Roti de Pavo<\/strong>, tambi\u00e9n conocido como \u00abredondo\u00bb presenta una carne tierna y muy baja en grasas.<\/p>\n<p>La forma de cocci\u00f3n m\u00e1s habitual de esta pieza elaborada, es hacerlo asado o al horno, acompa\u00f1ado de verduras y frutos secos, y ba\u00f1ado en vino o salsas al gusto.<\/p>\n<p>*Peso aprox del producto 2 Kg<\/p>\n<p>*Se sirve en formato congelado<\/p>\n<p><strong>** IMPORTANTE: el Roti de Pavo requiere 4 d\u00edas de preparaci\u00f3n desde\u00a0la fecha del pedido, por favor pedirlo con suficiente antelaci\u00f3n<\/strong>. Gracias por vuestra atenci\u00f3n y disculpen las molestias.<\/p>\n","protected":false},"excerpt":{"rendered":"<p>Delicioso\u00a0Roti de Pavo, tambi\u00e9n conocido como \u00abredondo\u00bb presenta una carne tierna y muy baja en grasas. La forma de cocci\u00f3n m\u00e1s habitual de esta pieza elaborada, es hacerlo asado o al horno, acompa\u00f1ado de verduras y frutos secos, y ba\u00f1ado en vino o salsas al gusto. *Peso aprox del producto 2 Kg *Se sirve en [&hellip;]<\/p>\n","protected":false},"featured_media":248025,"comment_status":"closed","ping_status":"closed","template":"","meta":[],"product_brand":[],"product_cat":[59],"product_tag":[],"class_list":{"0":"post-248024","1":"product","2":"type-product","3":"status-publish","4":"has-post-thumbnail","6":"product_cat-pavo","8":"first","9":"instock","10":"shipping-taxable","11":"purchasable","12":"product-type-simple"},"_links":{"self":[{"href":"https:\/\/mentta.fastdelivery.es\/index.php\/wp-json\/wp\/v2\/product\/248024","targetHints":{"allow":["GET"]}}],"collection":[{"href":"https:\/\/mentta.fastdelivery.es\/index.php\/wp-json\/wp\/v2\/product"}],"about":[{"href":"https:\/\/mentta.fastdelivery.es\/index.php\/wp-json\/wp\/v2\/types\/product"}],"replies":[{"embeddable":true,"href":"https:\/\/mentta.fastdelivery.es\/index.php\/wp-json\/wp\/v2\/comments?post=248024"}],"wp:featuredmedia":[{"embeddable":true,"href":"https:\/\/mentta.fastdelivery.es\/index.php\/wp-json\/wp\/v2\/media\/248025"}],"wp:attachment":[{"href":"https:\/\/mentta.fastdelivery.es\/index.php\/wp-json\/wp\/v2\/media?parent=248024"}],"wp:term":[{"taxonomy":"product_brand","embeddable":true,"href":"https:\/\/mentta.fastdelivery.es\/index.php\/wp-json\/wp\/v2\/product_brand?post=248024"},{"taxonomy":"product_cat","embeddable":true,"href":"https:\/\/mentta.fastdelivery.es\/index.php\/wp-json\/wp\/v2\/product_cat?post=248024"},{"taxonomy":"product_tag","embeddable":true,"href":"https:\/\/mentta.fastdelivery.es\/index.php\/wp-json\/wp\/v2\/product_tag?post=248024"}],"curies":[{"name":"wp","href":"https:\/\/api.w.org\/{rel}","templated":true}]}}