{"id":248026,"date":"2024-06-23T17:37:45","date_gmt":"2024-06-23T15:37:45","guid":{"rendered":"https:\/\/mentta.fastdelivery.es\/?post_type=product&#038;p=248026"},"modified":"2026-03-10T17:19:47","modified_gmt":"2026-03-10T16:19:47","slug":"ragout-pavo-fresco-600-gr-aprox","status":"publish","type":"product","link":"https:\/\/mentta.fastdelivery.es\/index.php\/producto\/ragout-pavo-fresco-600-gr-aprox\/","title":{"rendered":"Ragout Pavo Fresco 600 gr aprox."},"content":{"rendered":"<p>El\u00a0<strong>Ragout<\/strong>\u00a0es la carne del\u00a0<strong>contramuslo del pavo<\/strong>, sin piel y sin hueso. Tiene una textura algo m\u00e1s fibrosa que el pollo.<\/p>\n<p>Es una carne ideal para cocinar en estofado, para adobar, picada para elaborar\u00a0hamburguesas, alb\u00f3ndigas&#8230;<\/p>\n<p>Su gran contenido\u00a0de vitamina B3 o niacina, hace que sea un alimento beneficioso para el sistema circulatorio y ayudar a reducir el colesterol.<\/p>\n<p>&nbsp;<\/p>\n<p>*Peso aprox del producto 600 gr.<\/p>\n<p>*En la preparaci\u00f3n de productos frescos puede existir una ligera variaci\u00f3n del precio final en funci\u00f3n del peso.<\/p>\n","protected":false},"excerpt":{"rendered":"<p>El\u00a0Ragout\u00a0es la carne del\u00a0contramuslo del pavo, sin piel y sin hueso. Tiene una textura algo m\u00e1s fibrosa que el pollo. Es una carne ideal para cocinar en estofado, para adobar, picada para elaborar\u00a0hamburguesas, alb\u00f3ndigas&#8230; Su gran contenido\u00a0de vitamina B3 o niacina, hace que sea un alimento beneficioso para el sistema circulatorio y ayudar a reducir [&hellip;]<\/p>\n","protected":false},"featured_media":246737,"comment_status":"closed","ping_status":"closed","template":"","meta":[],"product_brand":[],"product_cat":[59],"product_tag":[],"class_list":{"0":"post-248026","1":"product","2":"type-product","3":"status-publish","4":"has-post-thumbnail","6":"product_cat-pavo","8":"first","9":"instock","10":"shipping-taxable","11":"purchasable","12":"product-type-simple"},"_links":{"self":[{"href":"https:\/\/mentta.fastdelivery.es\/index.php\/wp-json\/wp\/v2\/product\/248026","targetHints":{"allow":["GET"]}}],"collection":[{"href":"https:\/\/mentta.fastdelivery.es\/index.php\/wp-json\/wp\/v2\/product"}],"about":[{"href":"https:\/\/mentta.fastdelivery.es\/index.php\/wp-json\/wp\/v2\/types\/product"}],"replies":[{"embeddable":true,"href":"https:\/\/mentta.fastdelivery.es\/index.php\/wp-json\/wp\/v2\/comments?post=248026"}],"wp:featuredmedia":[{"embeddable":true,"href":"https:\/\/mentta.fastdelivery.es\/index.php\/wp-json\/wp\/v2\/media\/246737"}],"wp:attachment":[{"href":"https:\/\/mentta.fastdelivery.es\/index.php\/wp-json\/wp\/v2\/media?parent=248026"}],"wp:term":[{"taxonomy":"product_brand","embeddable":true,"href":"https:\/\/mentta.fastdelivery.es\/index.php\/wp-json\/wp\/v2\/product_brand?post=248026"},{"taxonomy":"product_cat","embeddable":true,"href":"https:\/\/mentta.fastdelivery.es\/index.php\/wp-json\/wp\/v2\/product_cat?post=248026"},{"taxonomy":"product_tag","embeddable":true,"href":"https:\/\/mentta.fastdelivery.es\/index.php\/wp-json\/wp\/v2\/product_tag?post=248026"}],"curies":[{"name":"wp","href":"https:\/\/api.w.org\/{rel}","templated":true}]}}