{"id":248031,"date":"2024-06-23T18:25:24","date_gmt":"2024-06-23T16:25:24","guid":{"rendered":"https:\/\/mentta.fastdelivery.es\/?post_type=product&#038;p=248031"},"modified":"2026-03-10T17:19:47","modified_gmt":"2026-03-10T16:19:47","slug":"morcilla-de-burgos-350-gr","status":"publish","type":"product","link":"https:\/\/mentta.fastdelivery.es\/index.php\/producto\/morcilla-de-burgos-350-gr\/","title":{"rendered":"Morcilla de Burgos (350 gr)"},"content":{"rendered":"<p><strong>La Morcilla de Burgos<\/strong>\u00a0es el producto m\u00e1s emblem\u00e1tico de la gastronom\u00eda burgalesa.<\/p>\n<p>Tiene una\u00a0textura suave y uniforme, muy jugosa, algo a lo que contribuyen las caracter\u00edsticas de la cebolla horcal y la utilizaci\u00f3n del arroz como uno de los ingredientes fundamentales en su elaboraci\u00f3n.<\/p>\n<p>Puede consumirse cruda, asada, frita y cocida.<\/p>\n<p>&nbsp;<\/p>\n<p>*Peso aprox del producto pieza de 350 gr.<\/p>\n","protected":false},"excerpt":{"rendered":"<p>La Morcilla de Burgos\u00a0es el producto m\u00e1s emblem\u00e1tico de la gastronom\u00eda burgalesa. Tiene una\u00a0textura suave y uniforme, muy jugosa, algo a lo que contribuyen las caracter\u00edsticas de la cebolla horcal y la utilizaci\u00f3n del arroz como uno de los ingredientes fundamentales en su elaboraci\u00f3n. Puede consumirse cruda, asada, frita y cocida. &nbsp; *Peso aprox del [&hellip;]<\/p>\n","protected":false},"featured_media":246743,"comment_status":"closed","ping_status":"closed","template":"","meta":[],"product_brand":[],"product_cat":[61],"product_tag":[],"class_list":{"0":"post-248031","1":"product","2":"type-product","3":"status-publish","4":"has-post-thumbnail","6":"product_cat-embutidos-y-elaborados","8":"first","9":"instock","10":"shipping-taxable","11":"purchasable","12":"product-type-simple"},"_links":{"self":[{"href":"https:\/\/mentta.fastdelivery.es\/index.php\/wp-json\/wp\/v2\/product\/248031","targetHints":{"allow":["GET"]}}],"collection":[{"href":"https:\/\/mentta.fastdelivery.es\/index.php\/wp-json\/wp\/v2\/product"}],"about":[{"href":"https:\/\/mentta.fastdelivery.es\/index.php\/wp-json\/wp\/v2\/types\/product"}],"replies":[{"embeddable":true,"href":"https:\/\/mentta.fastdelivery.es\/index.php\/wp-json\/wp\/v2\/comments?post=248031"}],"wp:featuredmedia":[{"embeddable":true,"href":"https:\/\/mentta.fastdelivery.es\/index.php\/wp-json\/wp\/v2\/media\/246743"}],"wp:attachment":[{"href":"https:\/\/mentta.fastdelivery.es\/index.php\/wp-json\/wp\/v2\/media?parent=248031"}],"wp:term":[{"taxonomy":"product_brand","embeddable":true,"href":"https:\/\/mentta.fastdelivery.es\/index.php\/wp-json\/wp\/v2\/product_brand?post=248031"},{"taxonomy":"product_cat","embeddable":true,"href":"https:\/\/mentta.fastdelivery.es\/index.php\/wp-json\/wp\/v2\/product_cat?post=248031"},{"taxonomy":"product_tag","embeddable":true,"href":"https:\/\/mentta.fastdelivery.es\/index.php\/wp-json\/wp\/v2\/product_tag?post=248031"}],"curies":[{"name":"wp","href":"https:\/\/api.w.org\/{rel}","templated":true}]}}