{"id":248032,"date":"2024-06-23T18:27:04","date_gmt":"2024-06-23T16:27:04","guid":{"rendered":"https:\/\/mentta.fastdelivery.es\/?post_type=product&#038;p=248032"},"modified":"2026-03-10T17:19:47","modified_gmt":"2026-03-10T16:19:47","slug":"longaniza-roja-fresca-1-2-kg","status":"publish","type":"product","link":"https:\/\/mentta.fastdelivery.es\/index.php\/producto\/longaniza-roja-fresca-1-2-kg\/","title":{"rendered":"Longaniza Roja Fresca 1.2 Kg"},"content":{"rendered":"<p>La<strong>\u00a0Longaniza Roja Fresca<\/strong>, es un producto fresco elaborado a base de un picado de panceta\u00a0de cerdo, piment\u00f3n, ajo y diferentes especias.<\/p>\n<p>Embutido t\u00edpico y artesano de la provincia de Alicante. Con una elaboraci\u00f3n tradicional y casera se distingue de otros embutidos por su aroma, textura y una combinaci\u00f3n de especias \u00fanica.<\/p>\n<p>La\u00a0<strong>Longaniza Roja Fresca<\/strong>\u00a0queda ideal\u00a0a la brasa, a la plancha y combina muy bien con\u00a0platos de pasta incorpor\u00e1ndose en el sofrito de la salsa.<\/p>\n<p>Tambi\u00e9n se puede comer curada, dej\u00e1ndola secar en el frigor\u00edfico sin tapar y en una semana\u00a0la tendr\u00e1s lista para comer.<\/p>\n<p>&nbsp;<\/p>\n<p>*Peso aprox del producto\u00a01.2 kg<\/p>\n<p>*En la preparaci\u00f3n de productos frescos puede existir una ligera variaci\u00f3n del precio final en funci\u00f3n del peso.<\/p>\n","protected":false},"excerpt":{"rendered":"<p>La\u00a0Longaniza Roja Fresca, es un producto fresco elaborado a base de un picado de panceta\u00a0de cerdo, piment\u00f3n, ajo y diferentes especias. Embutido t\u00edpico y artesano de la provincia de Alicante. Con una elaboraci\u00f3n tradicional y casera se distingue de otros embutidos por su aroma, textura y una combinaci\u00f3n de especias \u00fanica. La\u00a0Longaniza Roja Fresca\u00a0queda ideal\u00a0a [&hellip;]<\/p>\n","protected":false},"featured_media":246745,"comment_status":"closed","ping_status":"closed","template":"","meta":[],"product_brand":[],"product_cat":[61],"product_tag":[],"class_list":{"0":"post-248032","1":"product","2":"type-product","3":"status-publish","4":"has-post-thumbnail","6":"product_cat-embutidos-y-elaborados","8":"first","9":"instock","10":"shipping-taxable","11":"purchasable","12":"product-type-simple"},"_links":{"self":[{"href":"https:\/\/mentta.fastdelivery.es\/index.php\/wp-json\/wp\/v2\/product\/248032","targetHints":{"allow":["GET"]}}],"collection":[{"href":"https:\/\/mentta.fastdelivery.es\/index.php\/wp-json\/wp\/v2\/product"}],"about":[{"href":"https:\/\/mentta.fastdelivery.es\/index.php\/wp-json\/wp\/v2\/types\/product"}],"replies":[{"embeddable":true,"href":"https:\/\/mentta.fastdelivery.es\/index.php\/wp-json\/wp\/v2\/comments?post=248032"}],"wp:featuredmedia":[{"embeddable":true,"href":"https:\/\/mentta.fastdelivery.es\/index.php\/wp-json\/wp\/v2\/media\/246745"}],"wp:attachment":[{"href":"https:\/\/mentta.fastdelivery.es\/index.php\/wp-json\/wp\/v2\/media?parent=248032"}],"wp:term":[{"taxonomy":"product_brand","embeddable":true,"href":"https:\/\/mentta.fastdelivery.es\/index.php\/wp-json\/wp\/v2\/product_brand?post=248032"},{"taxonomy":"product_cat","embeddable":true,"href":"https:\/\/mentta.fastdelivery.es\/index.php\/wp-json\/wp\/v2\/product_cat?post=248032"},{"taxonomy":"product_tag","embeddable":true,"href":"https:\/\/mentta.fastdelivery.es\/index.php\/wp-json\/wp\/v2\/product_tag?post=248032"}],"curies":[{"name":"wp","href":"https:\/\/api.w.org\/{rel}","templated":true}]}}