{"id":248037,"date":"2024-06-23T18:35:32","date_gmt":"2024-06-23T16:35:32","guid":{"rendered":"https:\/\/mentta.fastdelivery.es\/?post_type=product&#038;p=248037"},"modified":"2026-03-10T17:19:47","modified_gmt":"2026-03-10T16:19:47","slug":"longaniza-de-pollo-12-kg","status":"publish","type":"product","link":"https:\/\/mentta.fastdelivery.es\/index.php\/producto\/longaniza-de-pollo-12-kg\/","title":{"rendered":"Salchicha de Pollo 1,2 Kg"},"content":{"rendered":"<p><strong>Longaniza fresca de Pollo,\u00a0<\/strong>elaboradas artesanalmente con ingredientes de la mejor calidad.<\/p>\n<p>Las salchichas de pollo son perfectas para peque\u00f1os y mayores, es un elaborado vers\u00e1til de preparar, puedes hacerlas a la plancha o guisadas con vino blanco.<\/p>\n<p>&nbsp;<\/p>\n<p>*Peso aprox del producto\u00a01 Kg.<\/p>\n<p>*En la preparaci\u00f3n de productos frescos puede existir una ligera variaci\u00f3n del precio final en funci\u00f3n del peso.<\/p>\n","protected":false},"excerpt":{"rendered":"<p>Longaniza fresca de Pollo,\u00a0elaboradas artesanalmente con ingredientes de la mejor calidad. Las salchichas de pollo son perfectas para peque\u00f1os y mayores, es un elaborado vers\u00e1til de preparar, puedes hacerlas a la plancha o guisadas con vino blanco. &nbsp; *Peso aprox del producto\u00a01 Kg. *En la preparaci\u00f3n de productos frescos puede existir una ligera variaci\u00f3n del [&hellip;]<\/p>\n","protected":false},"featured_media":246751,"comment_status":"closed","ping_status":"closed","template":"","meta":[],"product_brand":[],"product_cat":[61],"product_tag":[],"class_list":{"0":"post-248037","1":"product","2":"type-product","3":"status-publish","4":"has-post-thumbnail","6":"product_cat-embutidos-y-elaborados","8":"first","9":"instock","10":"shipping-taxable","11":"purchasable","12":"product-type-simple"},"_links":{"self":[{"href":"https:\/\/mentta.fastdelivery.es\/index.php\/wp-json\/wp\/v2\/product\/248037","targetHints":{"allow":["GET"]}}],"collection":[{"href":"https:\/\/mentta.fastdelivery.es\/index.php\/wp-json\/wp\/v2\/product"}],"about":[{"href":"https:\/\/mentta.fastdelivery.es\/index.php\/wp-json\/wp\/v2\/types\/product"}],"replies":[{"embeddable":true,"href":"https:\/\/mentta.fastdelivery.es\/index.php\/wp-json\/wp\/v2\/comments?post=248037"}],"wp:featuredmedia":[{"embeddable":true,"href":"https:\/\/mentta.fastdelivery.es\/index.php\/wp-json\/wp\/v2\/media\/246751"}],"wp:attachment":[{"href":"https:\/\/mentta.fastdelivery.es\/index.php\/wp-json\/wp\/v2\/media?parent=248037"}],"wp:term":[{"taxonomy":"product_brand","embeddable":true,"href":"https:\/\/mentta.fastdelivery.es\/index.php\/wp-json\/wp\/v2\/product_brand?post=248037"},{"taxonomy":"product_cat","embeddable":true,"href":"https:\/\/mentta.fastdelivery.es\/index.php\/wp-json\/wp\/v2\/product_cat?post=248037"},{"taxonomy":"product_tag","embeddable":true,"href":"https:\/\/mentta.fastdelivery.es\/index.php\/wp-json\/wp\/v2\/product_tag?post=248037"}],"curies":[{"name":"wp","href":"https:\/\/api.w.org\/{rel}","templated":true}]}}