{"id":248038,"date":"2024-06-23T18:36:56","date_gmt":"2024-06-23T16:36:56","guid":{"rendered":"https:\/\/mentta.fastdelivery.es\/?post_type=product&#038;p=248038"},"modified":"2026-03-10T17:19:47","modified_gmt":"2026-03-10T16:19:47","slug":"chorizo-pincho-oreado-1-kg-aprox","status":"publish","type":"product","link":"https:\/\/mentta.fastdelivery.es\/index.php\/producto\/chorizo-pincho-oreado-1-kg-aprox\/","title":{"rendered":"Chorizo Pincho Oreado 380gr"},"content":{"rendered":"<p><strong>Chorizo de Pincho Oreado<\/strong>, compuesto por magro de 1\u00aa y\u00a0especias.<\/p>\n<p>Embutido en tripa natural de cerdo, presentado en ristras.\u00a0Su formato en pinchos es la opci\u00f3n perfecta para usar como complemento o aperitivo.<\/p>\n<p>\u00a1Un b\u00e1sico fundamental si tienes pensado hacer una barbacoa!<\/p>\n<p>&nbsp;<\/p>\n<p>*Peso aprox del producto 250.<\/p>\n<p>*En la preparaci\u00f3n de productos frescos puede existir una ligera variaci\u00f3n del precio final en funci\u00f3n del peso.<\/p>\n","protected":false},"excerpt":{"rendered":"<p>Chorizo de Pincho Oreado, compuesto por magro de 1\u00aa y\u00a0especias. Embutido en tripa natural de cerdo, presentado en ristras.\u00a0Su formato en pinchos es la opci\u00f3n perfecta para usar como complemento o aperitivo. \u00a1Un b\u00e1sico fundamental si tienes pensado hacer una barbacoa! &nbsp; *Peso aprox del producto 250. *En la preparaci\u00f3n de productos frescos puede existir [&hellip;]<\/p>\n","protected":false},"featured_media":246753,"comment_status":"closed","ping_status":"closed","template":"","meta":[],"product_brand":[],"product_cat":[61],"product_tag":[],"class_list":{"0":"post-248038","1":"product","2":"type-product","3":"status-publish","4":"has-post-thumbnail","6":"product_cat-embutidos-y-elaborados","8":"first","9":"instock","10":"shipping-taxable","11":"purchasable","12":"product-type-simple"},"_links":{"self":[{"href":"https:\/\/mentta.fastdelivery.es\/index.php\/wp-json\/wp\/v2\/product\/248038","targetHints":{"allow":["GET"]}}],"collection":[{"href":"https:\/\/mentta.fastdelivery.es\/index.php\/wp-json\/wp\/v2\/product"}],"about":[{"href":"https:\/\/mentta.fastdelivery.es\/index.php\/wp-json\/wp\/v2\/types\/product"}],"replies":[{"embeddable":true,"href":"https:\/\/mentta.fastdelivery.es\/index.php\/wp-json\/wp\/v2\/comments?post=248038"}],"wp:featuredmedia":[{"embeddable":true,"href":"https:\/\/mentta.fastdelivery.es\/index.php\/wp-json\/wp\/v2\/media\/246753"}],"wp:attachment":[{"href":"https:\/\/mentta.fastdelivery.es\/index.php\/wp-json\/wp\/v2\/media?parent=248038"}],"wp:term":[{"taxonomy":"product_brand","embeddable":true,"href":"https:\/\/mentta.fastdelivery.es\/index.php\/wp-json\/wp\/v2\/product_brand?post=248038"},{"taxonomy":"product_cat","embeddable":true,"href":"https:\/\/mentta.fastdelivery.es\/index.php\/wp-json\/wp\/v2\/product_cat?post=248038"},{"taxonomy":"product_tag","embeddable":true,"href":"https:\/\/mentta.fastdelivery.es\/index.php\/wp-json\/wp\/v2\/product_tag?post=248038"}],"curies":[{"name":"wp","href":"https:\/\/api.w.org\/{rel}","templated":true}]}}