{"id":248041,"date":"2024-06-23T18:40:13","date_gmt":"2024-06-23T16:40:13","guid":{"rendered":"https:\/\/mentta.fastdelivery.es\/?post_type=product&#038;p=248041"},"modified":"2026-03-10T17:19:47","modified_gmt":"2026-03-10T16:19:47","slug":"callos-naturales-pata-y-morro-1-kg","status":"publish","type":"product","link":"https:\/\/mentta.fastdelivery.es\/index.php\/producto\/callos-naturales-pata-y-morro-1-kg\/","title":{"rendered":"Callos Naturales Pata y Morro 1 Kg"},"content":{"rendered":"<p>Combina los exquisitos sabores de los\u00a0<strong>Callos naturales<\/strong>\u00a0con los de la\u00a0<strong>Pata y el Morro de Ternera<\/strong>\u00a0para cocinar un riqu\u00edsimo guiso.<\/p>\n<p>Recomendados cocinarlos de forma tradicional, unos deliciosos \u00ab<strong>Callos a\u00a0la Madrile\u00f1a<\/strong>\u00bb junto con chorizo, morcilla y lac\u00f3n.<\/p>\n<p>Para dejarlos en su \u00f3ptimo punto antes de ser guisados con el resto de ingredientes, recomendamos abrir el envase 10 minutos antes de poner en agua, lavar bien con medio lim\u00f3n exprimido y aclarar y cocer con un poquito de aceite de oliva.<\/p>\n<p>&nbsp;<\/p>\n<p>*Peso aprox del producto 1 Kg.<\/p>\n<p>*En la preparaci\u00f3n de productos frescos puede existir una ligera variaci\u00f3n del precio final en funci\u00f3n del peso.<\/p>\n","protected":false},"excerpt":{"rendered":"<p>Combina los exquisitos sabores de los\u00a0Callos naturales\u00a0con los de la\u00a0Pata y el Morro de Ternera\u00a0para cocinar un riqu\u00edsimo guiso. Recomendados cocinarlos de forma tradicional, unos deliciosos \u00abCallos a\u00a0la Madrile\u00f1a\u00bb junto con chorizo, morcilla y lac\u00f3n. Para dejarlos en su \u00f3ptimo punto antes de ser guisados con el resto de ingredientes, recomendamos abrir el envase 10 [&hellip;]<\/p>\n","protected":false},"featured_media":246755,"comment_status":"closed","ping_status":"closed","template":"","meta":[],"product_brand":[],"product_cat":[61],"product_tag":[],"class_list":{"0":"post-248041","1":"product","2":"type-product","3":"status-publish","4":"has-post-thumbnail","6":"product_cat-embutidos-y-elaborados","8":"first","9":"instock","10":"shipping-taxable","11":"purchasable","12":"product-type-simple"},"_links":{"self":[{"href":"https:\/\/mentta.fastdelivery.es\/index.php\/wp-json\/wp\/v2\/product\/248041","targetHints":{"allow":["GET"]}}],"collection":[{"href":"https:\/\/mentta.fastdelivery.es\/index.php\/wp-json\/wp\/v2\/product"}],"about":[{"href":"https:\/\/mentta.fastdelivery.es\/index.php\/wp-json\/wp\/v2\/types\/product"}],"replies":[{"embeddable":true,"href":"https:\/\/mentta.fastdelivery.es\/index.php\/wp-json\/wp\/v2\/comments?post=248041"}],"wp:featuredmedia":[{"embeddable":true,"href":"https:\/\/mentta.fastdelivery.es\/index.php\/wp-json\/wp\/v2\/media\/246755"}],"wp:attachment":[{"href":"https:\/\/mentta.fastdelivery.es\/index.php\/wp-json\/wp\/v2\/media?parent=248041"}],"wp:term":[{"taxonomy":"product_brand","embeddable":true,"href":"https:\/\/mentta.fastdelivery.es\/index.php\/wp-json\/wp\/v2\/product_brand?post=248041"},{"taxonomy":"product_cat","embeddable":true,"href":"https:\/\/mentta.fastdelivery.es\/index.php\/wp-json\/wp\/v2\/product_cat?post=248041"},{"taxonomy":"product_tag","embeddable":true,"href":"https:\/\/mentta.fastdelivery.es\/index.php\/wp-json\/wp\/v2\/product_tag?post=248041"}],"curies":[{"name":"wp","href":"https:\/\/api.w.org\/{rel}","templated":true}]}}