{"id":248042,"date":"2024-06-23T18:41:18","date_gmt":"2024-06-23T16:41:18","guid":{"rendered":"https:\/\/mentta.fastdelivery.es\/?post_type=product&#038;p=248042"},"modified":"2026-03-10T17:19:47","modified_gmt":"2026-03-10T16:19:47","slug":"magro-adobado-750-gr-aprox","status":"publish","type":"product","link":"https:\/\/mentta.fastdelivery.es\/index.php\/producto\/magro-adobado-750-gr-aprox\/","title":{"rendered":"Magro Adobado 750 gr aprox."},"content":{"rendered":"<p>El\u00a0<strong>Magro Adobado<\/strong>\u00a0es una carne con muy poca grasa y rica en vitaminas. Preparado con un adobo natural de piment\u00f3n dulce, ajo, especias y sal.<\/p>\n<p>Es una carne muy popular y vers\u00e1til debido a su valor energ\u00e9tico, precio y sabor.<\/p>\n<p>Lo puedes cocinar guisado con patatas, y te quedar\u00e1 perfecto tambi\u00e9n para la elaboraci\u00f3n de brochetas asadas en parrilla o barbacoa.<\/p>\n<p>Su alto contenido proteico hace de esta carne ser muy recomendable para el desarrollo muscular, as\u00ed como para la alimentaci\u00f3n durante la infancia, adolescencia y embarazo.<\/p>\n<p>&nbsp;<\/p>\n<p>*Peso aprox del producto 750 gr.<\/p>\n<p>*En la preparaci\u00f3n de productos frescos puede existir una ligera variaci\u00f3n del precio final en funci\u00f3n del peso.<\/p>\n","protected":false},"excerpt":{"rendered":"<p>El\u00a0Magro Adobado\u00a0es una carne con muy poca grasa y rica en vitaminas. Preparado con un adobo natural de piment\u00f3n dulce, ajo, especias y sal. Es una carne muy popular y vers\u00e1til debido a su valor energ\u00e9tico, precio y sabor. Lo puedes cocinar guisado con patatas, y te quedar\u00e1 perfecto tambi\u00e9n para la elaboraci\u00f3n de brochetas [&hellip;]<\/p>\n","protected":false},"featured_media":246757,"comment_status":"closed","ping_status":"closed","template":"","meta":[],"product_brand":[],"product_cat":[61],"product_tag":[],"class_list":{"0":"post-248042","1":"product","2":"type-product","3":"status-publish","4":"has-post-thumbnail","6":"product_cat-embutidos-y-elaborados","8":"first","9":"instock","10":"shipping-taxable","11":"purchasable","12":"product-type-simple"},"_links":{"self":[{"href":"https:\/\/mentta.fastdelivery.es\/index.php\/wp-json\/wp\/v2\/product\/248042","targetHints":{"allow":["GET"]}}],"collection":[{"href":"https:\/\/mentta.fastdelivery.es\/index.php\/wp-json\/wp\/v2\/product"}],"about":[{"href":"https:\/\/mentta.fastdelivery.es\/index.php\/wp-json\/wp\/v2\/types\/product"}],"replies":[{"embeddable":true,"href":"https:\/\/mentta.fastdelivery.es\/index.php\/wp-json\/wp\/v2\/comments?post=248042"}],"wp:featuredmedia":[{"embeddable":true,"href":"https:\/\/mentta.fastdelivery.es\/index.php\/wp-json\/wp\/v2\/media\/246757"}],"wp:attachment":[{"href":"https:\/\/mentta.fastdelivery.es\/index.php\/wp-json\/wp\/v2\/media?parent=248042"}],"wp:term":[{"taxonomy":"product_brand","embeddable":true,"href":"https:\/\/mentta.fastdelivery.es\/index.php\/wp-json\/wp\/v2\/product_brand?post=248042"},{"taxonomy":"product_cat","embeddable":true,"href":"https:\/\/mentta.fastdelivery.es\/index.php\/wp-json\/wp\/v2\/product_cat?post=248042"},{"taxonomy":"product_tag","embeddable":true,"href":"https:\/\/mentta.fastdelivery.es\/index.php\/wp-json\/wp\/v2\/product_tag?post=248042"}],"curies":[{"name":"wp","href":"https:\/\/api.w.org\/{rel}","templated":true}]}}