{"id":248049,"date":"2024-06-23T19:08:38","date_gmt":"2024-06-23T17:08:38","guid":{"rendered":"https:\/\/mentta.fastdelivery.es\/?post_type=product&#038;p=248049"},"modified":"2026-03-10T17:19:47","modified_gmt":"2026-03-10T16:19:47","slug":"pack-economico-5-kg-carne-los-nortenos","status":"publish","type":"product","link":"https:\/\/mentta.fastdelivery.es\/index.php\/producto\/pack-economico-5-kg-carne-los-nortenos\/","title":{"rendered":"Pack Econ\u00f3mico 5 Kg Carne Los Norte\u00f1os"},"content":{"rendered":"<p><strong>Pack Econ\u00f3mico 5 kilos de Carne,<\/strong>\u00a0Los Norte\u00f1os.<\/p>\n<p>Comprar\u00a0<strong>carne online<\/strong>\u00a0es la mejor opci\u00f3n para solucionar muchas comidas familiares a la par que conseguir un gran ahorro con Lotes como el que os traemos.<\/p>\n<p>Especialmente dise\u00f1ado con un surtido de\u00a0<b>cortes variados de carne<\/b>\u00a0para que te organices con diferente men\u00fas semanales.<\/p>\n<p>Este\u00a0<strong>Lote Ahorro<\/strong>\u00a0est\u00e1 compuesto por:<\/p>\n<p>&#8211;<strong>Ragout Pavo Fresco<\/strong>\u00a0\u00a0: 1 Kg<\/p>\n<p>&#8211;<strong>Filetes Pechuga Pollo<\/strong>: 1 Kg<\/p>\n<p>&#8211;<strong>Filetes Babilla Vaca<\/strong>: 1 Kg<\/p>\n<p>&#8211;<strong>Salchichas de Pollo<\/strong>\u00a0: 1 Kg<\/p>\n<p>&#8211;<strong>Carne Picada Ternera<\/strong>\u00a0: 1 Kg<\/p>\n","protected":false},"excerpt":{"rendered":"<p>Pack Econ\u00f3mico 5 kilos de Carne,\u00a0Los Norte\u00f1os. Comprar\u00a0carne online\u00a0es la mejor opci\u00f3n para solucionar muchas comidas familiares a la par que conseguir un gran ahorro con Lotes como el que os traemos. Especialmente dise\u00f1ado con un surtido de\u00a0cortes variados de carne\u00a0para que te organices con diferente men\u00fas semanales. Este\u00a0Lote Ahorro\u00a0est\u00e1 compuesto por: &#8211;Ragout Pavo Fresco\u00a0\u00a0: [&hellip;]<\/p>\n","protected":false},"featured_media":248050,"comment_status":"closed","ping_status":"closed","template":"","meta":[],"product_brand":[],"product_cat":[62],"product_tag":[],"class_list":{"0":"post-248049","1":"product","2":"type-product","3":"status-publish","4":"has-post-thumbnail","6":"product_cat-lotes-carnes","8":"first","9":"instock","10":"shipping-taxable","11":"purchasable","12":"product-type-simple"},"_links":{"self":[{"href":"https:\/\/mentta.fastdelivery.es\/index.php\/wp-json\/wp\/v2\/product\/248049","targetHints":{"allow":["GET"]}}],"collection":[{"href":"https:\/\/mentta.fastdelivery.es\/index.php\/wp-json\/wp\/v2\/product"}],"about":[{"href":"https:\/\/mentta.fastdelivery.es\/index.php\/wp-json\/wp\/v2\/types\/product"}],"replies":[{"embeddable":true,"href":"https:\/\/mentta.fastdelivery.es\/index.php\/wp-json\/wp\/v2\/comments?post=248049"}],"wp:featuredmedia":[{"embeddable":true,"href":"https:\/\/mentta.fastdelivery.es\/index.php\/wp-json\/wp\/v2\/media\/248050"}],"wp:attachment":[{"href":"https:\/\/mentta.fastdelivery.es\/index.php\/wp-json\/wp\/v2\/media?parent=248049"}],"wp:term":[{"taxonomy":"product_brand","embeddable":true,"href":"https:\/\/mentta.fastdelivery.es\/index.php\/wp-json\/wp\/v2\/product_brand?post=248049"},{"taxonomy":"product_cat","embeddable":true,"href":"https:\/\/mentta.fastdelivery.es\/index.php\/wp-json\/wp\/v2\/product_cat?post=248049"},{"taxonomy":"product_tag","embeddable":true,"href":"https:\/\/mentta.fastdelivery.es\/index.php\/wp-json\/wp\/v2\/product_tag?post=248049"}],"curies":[{"name":"wp","href":"https:\/\/api.w.org\/{rel}","templated":true}]}}