{"id":248051,"date":"2024-06-23T19:11:35","date_gmt":"2024-06-23T17:11:35","guid":{"rendered":"https:\/\/mentta.fastdelivery.es\/?post_type=product&#038;p=248051"},"modified":"2026-03-10T17:19:47","modified_gmt":"2026-03-10T16:19:47","slug":"pack-familiar-carne-los-nortenos","status":"publish","type":"product","link":"https:\/\/mentta.fastdelivery.es\/index.php\/producto\/pack-familiar-carne-los-nortenos\/","title":{"rendered":"Pack Familiar Carne Los Norte\u00f1os"},"content":{"rendered":"<p><strong>Pack Familiar Carne<\/strong>\u00a0Los Norte\u00f1os. Comprar carne online es la mejor opci\u00f3n para solucionar muchas comidas familiares.<\/p>\n<p>Con el Pack Familiar de\u00a0<strong>Los Norte\u00f1os<\/strong>, puedes preparar men\u00fas diarios para toda la familia durante unos 10 d\u00edas, o congelar cualquiera de las piezas que te lleguen, ya que te las servimos envasadas y listas para congelar.<\/p>\n<p>Todo ello con la tranquilidad de llevar a tu casa la carne de mejor calidad.<\/p>\n<p>Este Lote Familiar est\u00e1 compuesto por:<\/p>\n<p>&#8211;<strong>Filete de Ternera<\/strong>\u00a04 x 150 gr<\/p>\n<p>&#8211;<strong>Carne Picada de Ternera<\/strong>\u00a02 x 500 gr<\/p>\n<p>&#8211;<strong>Contramuslos de pollo<\/strong>\u00a02 x 4 unidades 600 gr<\/p>\n<p>&#8211;<strong>Filetes Pechuga de pollo<\/strong>\u00a02 x 550 gr<\/p>\n<p>&#8211;<strong>Ragout de Ternera<\/strong>\u00a02 x 500 gr<\/p>\n<p>&#8211;<strong>Cinta adobada porcionada<\/strong>\u00a02 x 500 gr<\/p>\n<p>&#8211;<strong>Solomillo de cerdo<\/strong>\u00a02 x 650 gr<\/p>\n","protected":false},"excerpt":{"rendered":"<p>Pack Familiar Carne\u00a0Los Norte\u00f1os. Comprar carne online es la mejor opci\u00f3n para solucionar muchas comidas familiares. Con el Pack Familiar de\u00a0Los Norte\u00f1os, puedes preparar men\u00fas diarios para toda la familia durante unos 10 d\u00edas, o congelar cualquiera de las piezas que te lleguen, ya que te las servimos envasadas y listas para congelar. Todo ello [&hellip;]<\/p>\n","protected":false},"featured_media":246767,"comment_status":"closed","ping_status":"closed","template":"","meta":[],"product_brand":[],"product_cat":[62],"product_tag":[],"class_list":{"0":"post-248051","1":"product","2":"type-product","3":"status-publish","4":"has-post-thumbnail","6":"product_cat-lotes-carnes","8":"first","9":"instock","10":"shipping-taxable","11":"purchasable","12":"product-type-simple"},"_links":{"self":[{"href":"https:\/\/mentta.fastdelivery.es\/index.php\/wp-json\/wp\/v2\/product\/248051","targetHints":{"allow":["GET"]}}],"collection":[{"href":"https:\/\/mentta.fastdelivery.es\/index.php\/wp-json\/wp\/v2\/product"}],"about":[{"href":"https:\/\/mentta.fastdelivery.es\/index.php\/wp-json\/wp\/v2\/types\/product"}],"replies":[{"embeddable":true,"href":"https:\/\/mentta.fastdelivery.es\/index.php\/wp-json\/wp\/v2\/comments?post=248051"}],"wp:featuredmedia":[{"embeddable":true,"href":"https:\/\/mentta.fastdelivery.es\/index.php\/wp-json\/wp\/v2\/media\/246767"}],"wp:attachment":[{"href":"https:\/\/mentta.fastdelivery.es\/index.php\/wp-json\/wp\/v2\/media?parent=248051"}],"wp:term":[{"taxonomy":"product_brand","embeddable":true,"href":"https:\/\/mentta.fastdelivery.es\/index.php\/wp-json\/wp\/v2\/product_brand?post=248051"},{"taxonomy":"product_cat","embeddable":true,"href":"https:\/\/mentta.fastdelivery.es\/index.php\/wp-json\/wp\/v2\/product_cat?post=248051"},{"taxonomy":"product_tag","embeddable":true,"href":"https:\/\/mentta.fastdelivery.es\/index.php\/wp-json\/wp\/v2\/product_tag?post=248051"}],"curies":[{"name":"wp","href":"https:\/\/api.w.org\/{rel}","templated":true}]}}