{"id":248053,"date":"2024-06-23T19:14:05","date_gmt":"2024-06-23T17:14:05","guid":{"rendered":"https:\/\/mentta.fastdelivery.es\/?post_type=product&#038;p=248053"},"modified":"2026-03-10T17:19:47","modified_gmt":"2026-03-10T16:19:47","slug":"pack-a-la-parrilla-2950-kg-4-6-personas","status":"publish","type":"product","link":"https:\/\/mentta.fastdelivery.es\/index.php\/producto\/pack-a-la-parrilla-2950-kg-4-6-personas\/","title":{"rendered":"Pack a la Parrilla 2,950 kg ( 4-6 personas )"},"content":{"rendered":"<p><strong>Pack de 2,950 kg de Carne para la parrilla<\/strong>\u00a0Los Norte\u00f1os.<\/p>\n<p>Si quieres organizar una buena reuni\u00f3n en torno a las brasas, te traemos una perfecta selecci\u00f3n con todo el sabor y los cortes de una aut\u00e9ntica\u00a0<strong>Parrillada de carne<\/strong>.<\/p>\n<p>Este lote est\u00e1 compuesto por:<\/p>\n<p>&#8211;<strong>Panceta en lonchas<\/strong>\u00a0(500 gr )<\/p>\n<p>&#8211;<strong>Chorizo Oreado<\/strong>\u00a0(4 und &#8211; 350 gr )<\/p>\n<p>&#8211;<b>Churrasco Ternera, tira de asado<\/b>\u00a0(500 gr)<\/p>\n<p>&#8211;<b>Morcilla de arroz La Ribera<\/b>\u00a0(1 und 350 gr)<\/p>\n<p>&#8211;<strong>Cinta de Lomo adobada porcionada<\/strong>\u00a0(500 gr)<\/p>\n<p>&#8211;<strong>Costilla Ib\u00e9rica Adobada<\/strong>\u00a0(750 gr)<\/p>\n","protected":false},"excerpt":{"rendered":"<p>Pack de 2,950 kg de Carne para la parrilla\u00a0Los Norte\u00f1os. Si quieres organizar una buena reuni\u00f3n en torno a las brasas, te traemos una perfecta selecci\u00f3n con todo el sabor y los cortes de una aut\u00e9ntica\u00a0Parrillada de carne. Este lote est\u00e1 compuesto por: &#8211;Panceta en lonchas\u00a0(500 gr ) &#8211;Chorizo Oreado\u00a0(4 und &#8211; 350 gr ) [&hellip;]<\/p>\n","protected":false},"featured_media":246771,"comment_status":"closed","ping_status":"closed","template":"","meta":[],"product_brand":[],"product_cat":[62],"product_tag":[],"class_list":{"0":"post-248053","1":"product","2":"type-product","3":"status-publish","4":"has-post-thumbnail","6":"product_cat-lotes-carnes","8":"first","9":"instock","10":"shipping-taxable","11":"purchasable","12":"product-type-simple"},"_links":{"self":[{"href":"https:\/\/mentta.fastdelivery.es\/index.php\/wp-json\/wp\/v2\/product\/248053","targetHints":{"allow":["GET"]}}],"collection":[{"href":"https:\/\/mentta.fastdelivery.es\/index.php\/wp-json\/wp\/v2\/product"}],"about":[{"href":"https:\/\/mentta.fastdelivery.es\/index.php\/wp-json\/wp\/v2\/types\/product"}],"replies":[{"embeddable":true,"href":"https:\/\/mentta.fastdelivery.es\/index.php\/wp-json\/wp\/v2\/comments?post=248053"}],"wp:featuredmedia":[{"embeddable":true,"href":"https:\/\/mentta.fastdelivery.es\/index.php\/wp-json\/wp\/v2\/media\/246771"}],"wp:attachment":[{"href":"https:\/\/mentta.fastdelivery.es\/index.php\/wp-json\/wp\/v2\/media?parent=248053"}],"wp:term":[{"taxonomy":"product_brand","embeddable":true,"href":"https:\/\/mentta.fastdelivery.es\/index.php\/wp-json\/wp\/v2\/product_brand?post=248053"},{"taxonomy":"product_cat","embeddable":true,"href":"https:\/\/mentta.fastdelivery.es\/index.php\/wp-json\/wp\/v2\/product_cat?post=248053"},{"taxonomy":"product_tag","embeddable":true,"href":"https:\/\/mentta.fastdelivery.es\/index.php\/wp-json\/wp\/v2\/product_tag?post=248053"}],"curies":[{"name":"wp","href":"https:\/\/api.w.org\/{rel}","templated":true}]}}