{"id":248056,"date":"2024-06-27T07:49:18","date_gmt":"2024-06-27T05:49:18","guid":{"rendered":"https:\/\/mentta.fastdelivery.es\/?post_type=product&#038;p=248056"},"modified":"2026-03-10T17:16:29","modified_gmt":"2026-03-10T16:16:29","slug":"salchichon-iberico-salamanca-medio-700-gr","status":"publish","type":"product","link":"https:\/\/mentta.fastdelivery.es\/index.php\/producto\/salchichon-iberico-salamanca-medio-700-gr\/","title":{"rendered":"Salchich\u00f3n ib\u00e9rico Salamanca MEDIO 700 gr"},"content":{"rendered":"<p>Media pieza de\u00a0<strong>Salchich\u00f3n Ib\u00e9rico Salamanca\u00a0<\/strong>de\u00a0Artesana Jamonera.<\/p>\n<p><strong>Embutido<\/strong>\u00a0elaborado de forma natural, con los mejores condimentos y con carnes magras de alta calidad procedentes del\u00a0<strong>cerdo Ib\u00e9rico<\/strong>\u00a0criado en\u00a0<strong>Salamanca<\/strong>.<\/p>\n<p>*Precio aproximado por 1\/2 pieza de 700 gr.<\/p>\n<p>*En la preparaci\u00f3n de productos frescos puede existir una ligera variaci\u00f3n del precio final en funci\u00f3n del peso.<\/p>\n","protected":false},"excerpt":{"rendered":"<p>Media pieza de\u00a0Salchich\u00f3n Ib\u00e9rico Salamanca\u00a0de\u00a0Artesana Jamonera. Embutido\u00a0elaborado de forma natural, con los mejores condimentos y con carnes magras de alta calidad procedentes del\u00a0cerdo Ib\u00e9rico\u00a0criado en\u00a0Salamanca. *Precio aproximado por 1\/2 pieza de 700 gr. *En la preparaci\u00f3n de productos frescos puede existir una ligera variaci\u00f3n del precio final en funci\u00f3n del peso.<\/p>\n","protected":false},"featured_media":246773,"comment_status":"closed","ping_status":"closed","template":"","meta":[],"product_brand":[],"product_cat":[73],"product_tag":[],"class_list":{"0":"post-248056","1":"product","2":"type-product","3":"status-publish","4":"has-post-thumbnail","6":"product_cat-fiambres-y-embutidos","8":"first","9":"instock","10":"shipping-taxable","11":"purchasable","12":"product-type-simple"},"_links":{"self":[{"href":"https:\/\/mentta.fastdelivery.es\/index.php\/wp-json\/wp\/v2\/product\/248056","targetHints":{"allow":["GET"]}}],"collection":[{"href":"https:\/\/mentta.fastdelivery.es\/index.php\/wp-json\/wp\/v2\/product"}],"about":[{"href":"https:\/\/mentta.fastdelivery.es\/index.php\/wp-json\/wp\/v2\/types\/product"}],"replies":[{"embeddable":true,"href":"https:\/\/mentta.fastdelivery.es\/index.php\/wp-json\/wp\/v2\/comments?post=248056"}],"wp:featuredmedia":[{"embeddable":true,"href":"https:\/\/mentta.fastdelivery.es\/index.php\/wp-json\/wp\/v2\/media\/246773"}],"wp:attachment":[{"href":"https:\/\/mentta.fastdelivery.es\/index.php\/wp-json\/wp\/v2\/media?parent=248056"}],"wp:term":[{"taxonomy":"product_brand","embeddable":true,"href":"https:\/\/mentta.fastdelivery.es\/index.php\/wp-json\/wp\/v2\/product_brand?post=248056"},{"taxonomy":"product_cat","embeddable":true,"href":"https:\/\/mentta.fastdelivery.es\/index.php\/wp-json\/wp\/v2\/product_cat?post=248056"},{"taxonomy":"product_tag","embeddable":true,"href":"https:\/\/mentta.fastdelivery.es\/index.php\/wp-json\/wp\/v2\/product_tag?post=248056"}],"curies":[{"name":"wp","href":"https:\/\/api.w.org\/{rel}","templated":true}]}}