{"id":248065,"date":"2024-06-25T19:21:21","date_gmt":"2024-06-25T17:21:21","guid":{"rendered":"https:\/\/mentta.fastdelivery.es\/?post_type=product&#038;p=248065"},"modified":"2026-03-10T17:19:47","modified_gmt":"2026-03-10T16:19:47","slug":"lentejas-salamanca-a-granel-1kg","status":"publish","type":"product","link":"https:\/\/mentta.fastdelivery.es\/index.php\/producto\/lentejas-salamanca-a-granel-1kg\/","title":{"rendered":"Lentejas Salamanca a granel 1Kg"},"content":{"rendered":"<p><strong>Lentejas Castellanas de Salamanca<\/strong><\/p>\n<p>La\u00a0<strong>lenteja castellana<\/strong>\u00a0es la m\u00e1s grande de todas las lentejas, posee un tama\u00f1o entre 7 y 9 mil\u00edmetros y se trata de lentejas verdes de tonalidad clara con algunos granos mas oscuros, que se denominan \u00ablentejas avinatadas\u00bb.<\/p>\n<p>El color de la\u00a0<strong>lenteja castellana<\/strong>\u00a0se va oscureciendo con el tiempo.<\/p>\n<p>Su grano es ancho, redondeado, aplastado y con forma de lente.<\/p>\n<p>Estas legumbres secas tienen la piel muy fina y destacan por su ternura y sabor suave.<\/p>\n<p>La<strong>\u00a0lenteja castellana<\/strong>\u00a0tiene excelente cochura en cualquier tipo de agua.<\/p>\n","protected":false},"excerpt":{"rendered":"<p>Lentejas Castellanas de Salamanca La\u00a0lenteja castellana\u00a0es la m\u00e1s grande de todas las lentejas, posee un tama\u00f1o entre 7 y 9 mil\u00edmetros y se trata de lentejas verdes de tonalidad clara con algunos granos mas oscuros, que se denominan \u00ablentejas avinatadas\u00bb. El color de la\u00a0lenteja castellana\u00a0se va oscureciendo con el tiempo. Su grano es ancho, redondeado, [&hellip;]<\/p>\n","protected":false},"featured_media":246783,"comment_status":"closed","ping_status":"closed","template":"","meta":[],"product_brand":[],"product_cat":[64],"product_tag":[],"class_list":{"0":"post-248065","1":"product","2":"type-product","3":"status-publish","4":"has-post-thumbnail","6":"product_cat-legumbres-a-granel","8":"first","9":"instock","10":"shipping-taxable","11":"purchasable","12":"product-type-simple"},"_links":{"self":[{"href":"https:\/\/mentta.fastdelivery.es\/index.php\/wp-json\/wp\/v2\/product\/248065","targetHints":{"allow":["GET"]}}],"collection":[{"href":"https:\/\/mentta.fastdelivery.es\/index.php\/wp-json\/wp\/v2\/product"}],"about":[{"href":"https:\/\/mentta.fastdelivery.es\/index.php\/wp-json\/wp\/v2\/types\/product"}],"replies":[{"embeddable":true,"href":"https:\/\/mentta.fastdelivery.es\/index.php\/wp-json\/wp\/v2\/comments?post=248065"}],"wp:featuredmedia":[{"embeddable":true,"href":"https:\/\/mentta.fastdelivery.es\/index.php\/wp-json\/wp\/v2\/media\/246783"}],"wp:attachment":[{"href":"https:\/\/mentta.fastdelivery.es\/index.php\/wp-json\/wp\/v2\/media?parent=248065"}],"wp:term":[{"taxonomy":"product_brand","embeddable":true,"href":"https:\/\/mentta.fastdelivery.es\/index.php\/wp-json\/wp\/v2\/product_brand?post=248065"},{"taxonomy":"product_cat","embeddable":true,"href":"https:\/\/mentta.fastdelivery.es\/index.php\/wp-json\/wp\/v2\/product_cat?post=248065"},{"taxonomy":"product_tag","embeddable":true,"href":"https:\/\/mentta.fastdelivery.es\/index.php\/wp-json\/wp\/v2\/product_tag?post=248065"}],"curies":[{"name":"wp","href":"https:\/\/api.w.org\/{rel}","templated":true}]}}