{"id":248071,"date":"2024-06-25T19:30:21","date_gmt":"2024-06-25T17:30:21","guid":{"rendered":"https:\/\/mentta.fastdelivery.es\/?post_type=product&#038;p=248071"},"modified":"2026-03-10T17:19:47","modified_gmt":"2026-03-10T16:19:47","slug":"lentejas-pardinas-a-granel-1-kg","status":"publish","type":"product","link":"https:\/\/mentta.fastdelivery.es\/index.php\/producto\/lentejas-pardinas-a-granel-1-kg\/","title":{"rendered":"Lentejas Pardinas a granel 1 Kg"},"content":{"rendered":"<p>Las\u00a0<strong>Lentejas Pardinas<\/strong>\u00a0son de tama\u00f1o peque\u00f1o, su calibre est\u00e1 entre 3 y 5 mil\u00edmetros.<\/p>\n<p>Color de piel marr\u00f3n tierra o marr\u00f3n rojizo y de albumen amarillo. Quedan perfectamente enteras despu\u00e9s de su r\u00e1pida cocci\u00f3n, no se deshacen ni sueltan piel.<\/p>\n<p>Son especialmente\u00a0recomendables para preparar en ensaladas, combinar con pastas y preparar platos de cocina mediterr\u00e1nea.<\/p>\n<p>Pero igual de deliciosas en un tradicional guiso de lentejas, y \u00a1<strong>no necesitan remojo<\/strong>!<\/p>\n<p>Esta legumbre seca es rica en\u00a0<strong>hidratos de carbono<\/strong>,\u00a0<strong>hierro<\/strong>\u00a0y\u00a0<strong>magnesio<\/strong>.<\/p>\n","protected":false},"excerpt":{"rendered":"<p>Las\u00a0Lentejas Pardinas\u00a0son de tama\u00f1o peque\u00f1o, su calibre est\u00e1 entre 3 y 5 mil\u00edmetros. Color de piel marr\u00f3n tierra o marr\u00f3n rojizo y de albumen amarillo. Quedan perfectamente enteras despu\u00e9s de su r\u00e1pida cocci\u00f3n, no se deshacen ni sueltan piel. Son especialmente\u00a0recomendables para preparar en ensaladas, combinar con pastas y preparar platos de cocina mediterr\u00e1nea. Pero [&hellip;]<\/p>\n","protected":false},"featured_media":246791,"comment_status":"closed","ping_status":"closed","template":"","meta":[],"product_brand":[],"product_cat":[64],"product_tag":[],"class_list":{"0":"post-248071","1":"product","2":"type-product","3":"status-publish","4":"has-post-thumbnail","6":"product_cat-legumbres-a-granel","8":"first","9":"instock","10":"shipping-taxable","11":"purchasable","12":"product-type-simple"},"_links":{"self":[{"href":"https:\/\/mentta.fastdelivery.es\/index.php\/wp-json\/wp\/v2\/product\/248071","targetHints":{"allow":["GET"]}}],"collection":[{"href":"https:\/\/mentta.fastdelivery.es\/index.php\/wp-json\/wp\/v2\/product"}],"about":[{"href":"https:\/\/mentta.fastdelivery.es\/index.php\/wp-json\/wp\/v2\/types\/product"}],"replies":[{"embeddable":true,"href":"https:\/\/mentta.fastdelivery.es\/index.php\/wp-json\/wp\/v2\/comments?post=248071"}],"wp:featuredmedia":[{"embeddable":true,"href":"https:\/\/mentta.fastdelivery.es\/index.php\/wp-json\/wp\/v2\/media\/246791"}],"wp:attachment":[{"href":"https:\/\/mentta.fastdelivery.es\/index.php\/wp-json\/wp\/v2\/media?parent=248071"}],"wp:term":[{"taxonomy":"product_brand","embeddable":true,"href":"https:\/\/mentta.fastdelivery.es\/index.php\/wp-json\/wp\/v2\/product_brand?post=248071"},{"taxonomy":"product_cat","embeddable":true,"href":"https:\/\/mentta.fastdelivery.es\/index.php\/wp-json\/wp\/v2\/product_cat?post=248071"},{"taxonomy":"product_tag","embeddable":true,"href":"https:\/\/mentta.fastdelivery.es\/index.php\/wp-json\/wp\/v2\/product_tag?post=248071"}],"curies":[{"name":"wp","href":"https:\/\/api.w.org\/{rel}","templated":true}]}}