{"id":248072,"date":"2024-06-25T19:31:18","date_gmt":"2024-06-25T17:31:18","guid":{"rendered":"https:\/\/mentta.fastdelivery.es\/?post_type=product&#038;p=248072"},"modified":"2026-03-10T17:19:47","modified_gmt":"2026-03-10T16:19:47","slug":"alubias-morada-a-granel-1-kg","status":"publish","type":"product","link":"https:\/\/mentta.fastdelivery.es\/index.php\/producto\/alubias-morada-a-granel-1-kg\/","title":{"rendered":"Alubias Morada a granel 1 Kg"},"content":{"rendered":"<p><strong>Alubias Moradas<\/strong><\/p>\n<p>La\u00a0<strong>Alubia Morada Larga<\/strong>\u00a0o\u00a0<strong>alubia roja<\/strong>\u00a0es de tama\u00f1o medio a grande, de color p\u00farpura oscuro.<\/p>\n<p>Su forma es arri\u00f1onada, larga y aplanada.<\/p>\n<p>Al ponerla en remojo estas alubias van perdiendo su color morado poco a poco, aunque el caldo sale bastante oscuro.<\/p>\n<p>Destacan por su\u00a0<strong>suavidad<\/strong>\u00a0una vez cocidas y por su\u00a0<strong>alto contenido en\u00a0<\/strong><strong>hierro y\u00a0<\/strong><strong>prote\u00ednas.<\/strong><\/p>\n","protected":false},"excerpt":{"rendered":"<p>Alubias Moradas La\u00a0Alubia Morada Larga\u00a0o\u00a0alubia roja\u00a0es de tama\u00f1o medio a grande, de color p\u00farpura oscuro. Su forma es arri\u00f1onada, larga y aplanada. Al ponerla en remojo estas alubias van perdiendo su color morado poco a poco, aunque el caldo sale bastante oscuro. Destacan por su\u00a0suavidad\u00a0una vez cocidas y por su\u00a0alto contenido en\u00a0hierro y\u00a0prote\u00ednas.<\/p>\n","protected":false},"featured_media":248073,"comment_status":"closed","ping_status":"closed","template":"","meta":[],"product_brand":[],"product_cat":[64],"product_tag":[],"class_list":{"0":"post-248072","1":"product","2":"type-product","3":"status-publish","4":"has-post-thumbnail","6":"product_cat-legumbres-a-granel","8":"first","9":"instock","10":"shipping-taxable","11":"purchasable","12":"product-type-simple"},"_links":{"self":[{"href":"https:\/\/mentta.fastdelivery.es\/index.php\/wp-json\/wp\/v2\/product\/248072","targetHints":{"allow":["GET"]}}],"collection":[{"href":"https:\/\/mentta.fastdelivery.es\/index.php\/wp-json\/wp\/v2\/product"}],"about":[{"href":"https:\/\/mentta.fastdelivery.es\/index.php\/wp-json\/wp\/v2\/types\/product"}],"replies":[{"embeddable":true,"href":"https:\/\/mentta.fastdelivery.es\/index.php\/wp-json\/wp\/v2\/comments?post=248072"}],"wp:featuredmedia":[{"embeddable":true,"href":"https:\/\/mentta.fastdelivery.es\/index.php\/wp-json\/wp\/v2\/media\/248073"}],"wp:attachment":[{"href":"https:\/\/mentta.fastdelivery.es\/index.php\/wp-json\/wp\/v2\/media?parent=248072"}],"wp:term":[{"taxonomy":"product_brand","embeddable":true,"href":"https:\/\/mentta.fastdelivery.es\/index.php\/wp-json\/wp\/v2\/product_brand?post=248072"},{"taxonomy":"product_cat","embeddable":true,"href":"https:\/\/mentta.fastdelivery.es\/index.php\/wp-json\/wp\/v2\/product_cat?post=248072"},{"taxonomy":"product_tag","embeddable":true,"href":"https:\/\/mentta.fastdelivery.es\/index.php\/wp-json\/wp\/v2\/product_tag?post=248072"}],"curies":[{"name":"wp","href":"https:\/\/api.w.org\/{rel}","templated":true}]}}