{"id":248077,"date":"2024-06-25T19:35:41","date_gmt":"2024-06-25T17:35:41","guid":{"rendered":"https:\/\/mentta.fastdelivery.es\/?post_type=product&#038;p=248077"},"modified":"2026-03-10T17:19:46","modified_gmt":"2026-03-10T16:19:46","slug":"alubias-pintas-a-granel-1-kg","status":"publish","type":"product","link":"https:\/\/mentta.fastdelivery.es\/index.php\/producto\/alubias-pintas-a-granel-1-kg\/","title":{"rendered":"Alubias Pintas a granel 1 Kg"},"content":{"rendered":"<p><strong>Alubias Pintas<\/strong><\/p>\n<p>El grano de las\u00a0<strong>alubias\u00a0pintas\u00a0<\/strong>presenta una buena integridad, son de color ros\u00e1ceo con rayados y peque\u00f1as manchas granates.<\/p>\n<p><strong>La alubia o jud\u00eda pinta<\/strong>\u00a0tiene un tama\u00f1o medio y es de forma redondeada.<\/p>\n<p>Presenta una buena\u00a0firmeza tras la cocci\u00f3n, su piel es lisa y blanda y muy mantecosa. Proporcionan un caldo oscuro y sabor fuerte una vez cocinadas.<\/p>\n<p>Destaca sobre otras variedades de alubias por su\u00a0<strong>alto\u00a0contenido en hierro<\/strong>.<\/p>\n","protected":false},"excerpt":{"rendered":"<p>Alubias Pintas El grano de las\u00a0alubias\u00a0pintas\u00a0presenta una buena integridad, son de color ros\u00e1ceo con rayados y peque\u00f1as manchas granates. La alubia o jud\u00eda pinta\u00a0tiene un tama\u00f1o medio y es de forma redondeada. Presenta una buena\u00a0firmeza tras la cocci\u00f3n, su piel es lisa y blanda y muy mantecosa. Proporcionan un caldo oscuro y sabor fuerte una [&hellip;]<\/p>\n","protected":false},"featured_media":248078,"comment_status":"closed","ping_status":"closed","template":"","meta":[],"product_brand":[],"product_cat":[64],"product_tag":[],"class_list":{"0":"post-248077","1":"product","2":"type-product","3":"status-publish","4":"has-post-thumbnail","6":"product_cat-legumbres-a-granel","8":"first","9":"instock","10":"shipping-taxable","11":"purchasable","12":"product-type-simple"},"_links":{"self":[{"href":"https:\/\/mentta.fastdelivery.es\/index.php\/wp-json\/wp\/v2\/product\/248077","targetHints":{"allow":["GET"]}}],"collection":[{"href":"https:\/\/mentta.fastdelivery.es\/index.php\/wp-json\/wp\/v2\/product"}],"about":[{"href":"https:\/\/mentta.fastdelivery.es\/index.php\/wp-json\/wp\/v2\/types\/product"}],"replies":[{"embeddable":true,"href":"https:\/\/mentta.fastdelivery.es\/index.php\/wp-json\/wp\/v2\/comments?post=248077"}],"wp:featuredmedia":[{"embeddable":true,"href":"https:\/\/mentta.fastdelivery.es\/index.php\/wp-json\/wp\/v2\/media\/248078"}],"wp:attachment":[{"href":"https:\/\/mentta.fastdelivery.es\/index.php\/wp-json\/wp\/v2\/media?parent=248077"}],"wp:term":[{"taxonomy":"product_brand","embeddable":true,"href":"https:\/\/mentta.fastdelivery.es\/index.php\/wp-json\/wp\/v2\/product_brand?post=248077"},{"taxonomy":"product_cat","embeddable":true,"href":"https:\/\/mentta.fastdelivery.es\/index.php\/wp-json\/wp\/v2\/product_cat?post=248077"},{"taxonomy":"product_tag","embeddable":true,"href":"https:\/\/mentta.fastdelivery.es\/index.php\/wp-json\/wp\/v2\/product_tag?post=248077"}],"curies":[{"name":"wp","href":"https:\/\/api.w.org\/{rel}","templated":true}]}}