{"id":248082,"date":"2024-06-25T19:39:35","date_gmt":"2024-06-25T17:39:35","guid":{"rendered":"https:\/\/mentta.fastdelivery.es\/?post_type=product&#038;p=248082"},"modified":"2026-03-10T17:19:46","modified_gmt":"2026-03-10T16:19:46","slug":"alubias-canela-a-granel-1-kg","status":"publish","type":"product","link":"https:\/\/mentta.fastdelivery.es\/index.php\/producto\/alubias-canela-a-granel-1-kg\/","title":{"rendered":"Alubias Canela a granel 1 Kg"},"content":{"rendered":"<p><strong>Alubias\u00a0Canela<\/strong><\/p>\n<p>Las<strong>\u00a0Alubias<\/strong>\u00a0o\u00a0<strong>Jud\u00edas Canela<\/strong>\u00a0son de tama\u00f1o medio, alargadas y redondeadas y muy caracter\u00edsticas por su color canela.<\/p>\n<p>Son unas\u00a0<strong>legumbres consideradas Gourmet<\/strong>\u00a0por sus cualidades de sabor y textura.<\/p>\n<p>De las m\u00e1s utilizadas en todo tipo de platos por su homogeneidad en tama\u00f1o, rapidez de cocci\u00f3n, inapreciabilidad de la piel\u00a0 y su delicado sabor.<\/p>\n<p>Una vez cocidas, las\u00a0<strong>alubias\u00a0canela<\/strong>\u00a0forman un caldo muy cremoso y delicado, integridad de grano, piel lisa y poco dura.<\/p>\n","protected":false},"excerpt":{"rendered":"<p>Alubias\u00a0Canela Las\u00a0Alubias\u00a0o\u00a0Jud\u00edas Canela\u00a0son de tama\u00f1o medio, alargadas y redondeadas y muy caracter\u00edsticas por su color canela. Son unas\u00a0legumbres consideradas Gourmet\u00a0por sus cualidades de sabor y textura. De las m\u00e1s utilizadas en todo tipo de platos por su homogeneidad en tama\u00f1o, rapidez de cocci\u00f3n, inapreciabilidad de la piel\u00a0 y su delicado sabor. Una vez cocidas, las\u00a0alubias\u00a0canela\u00a0forman [&hellip;]<\/p>\n","protected":false},"featured_media":248083,"comment_status":"closed","ping_status":"closed","template":"","meta":[],"product_brand":[],"product_cat":[64],"product_tag":[],"class_list":{"0":"post-248082","1":"product","2":"type-product","3":"status-publish","4":"has-post-thumbnail","6":"product_cat-legumbres-a-granel","8":"first","9":"instock","10":"shipping-taxable","11":"purchasable","12":"product-type-simple"},"_links":{"self":[{"href":"https:\/\/mentta.fastdelivery.es\/index.php\/wp-json\/wp\/v2\/product\/248082","targetHints":{"allow":["GET"]}}],"collection":[{"href":"https:\/\/mentta.fastdelivery.es\/index.php\/wp-json\/wp\/v2\/product"}],"about":[{"href":"https:\/\/mentta.fastdelivery.es\/index.php\/wp-json\/wp\/v2\/types\/product"}],"replies":[{"embeddable":true,"href":"https:\/\/mentta.fastdelivery.es\/index.php\/wp-json\/wp\/v2\/comments?post=248082"}],"wp:featuredmedia":[{"embeddable":true,"href":"https:\/\/mentta.fastdelivery.es\/index.php\/wp-json\/wp\/v2\/media\/248083"}],"wp:attachment":[{"href":"https:\/\/mentta.fastdelivery.es\/index.php\/wp-json\/wp\/v2\/media?parent=248082"}],"wp:term":[{"taxonomy":"product_brand","embeddable":true,"href":"https:\/\/mentta.fastdelivery.es\/index.php\/wp-json\/wp\/v2\/product_brand?post=248082"},{"taxonomy":"product_cat","embeddable":true,"href":"https:\/\/mentta.fastdelivery.es\/index.php\/wp-json\/wp\/v2\/product_cat?post=248082"},{"taxonomy":"product_tag","embeddable":true,"href":"https:\/\/mentta.fastdelivery.es\/index.php\/wp-json\/wp\/v2\/product_tag?post=248082"}],"curies":[{"name":"wp","href":"https:\/\/api.w.org\/{rel}","templated":true}]}}