{"id":248084,"date":"2024-06-25T19:41:00","date_gmt":"2024-06-25T17:41:00","guid":{"rendered":"https:\/\/mentta.fastdelivery.es\/?post_type=product&#038;p=248084"},"modified":"2026-03-10T17:19:46","modified_gmt":"2026-03-10T16:19:46","slug":"garbanzo-castellano-a-granel-1kg","status":"publish","type":"product","link":"https:\/\/mentta.fastdelivery.es\/index.php\/producto\/garbanzo-castellano-a-granel-1kg\/","title":{"rendered":"Garbanzo Castellano a granel 1Kg"},"content":{"rendered":"<p>El\u00a0<strong>Garbanzo Castellano<\/strong>\u00a0es un garbanzo de un tama\u00f1o mediano-grande de forma esf\u00e9rica, su piel presenta una rugosidad media con surcos marcados y pico curvo pronunciado.<\/p>\n<p>De color crema claro, una mezcla de tonalidades marr\u00f3n claro, amarillo y blanco.<\/p>\n<p>Una vez cocido\u00a0absorbe m\u00e1s de su peso en agua, y mantiene su forma y su piel perfectamente.<\/p>\n<p>Su piel es fina y pr\u00e1cticamente imperceptible.<\/p>\n<p>El\u00a0<strong>Garbanzo Castellano<\/strong>\u00a0es rico en proteinas, almid\u00f3n y l\u00edpidos, sobre todo en \u00e1cido oleico y linoleico, que son insaturados y carentes de colesterol.<\/p>\n<p>Del mismo modo, es un buen aporte en fibra y calorias.<\/p>\n<p>Es muy apreciado por su\u00a0<strong>excepcional presencia<\/strong>\u00a0una vez cocinado.<\/p>\n","protected":false},"excerpt":{"rendered":"<p>El\u00a0Garbanzo Castellano\u00a0es un garbanzo de un tama\u00f1o mediano-grande de forma esf\u00e9rica, su piel presenta una rugosidad media con surcos marcados y pico curvo pronunciado. De color crema claro, una mezcla de tonalidades marr\u00f3n claro, amarillo y blanco. Una vez cocido\u00a0absorbe m\u00e1s de su peso en agua, y mantiene su forma y su piel perfectamente. Su [&hellip;]<\/p>\n","protected":false},"featured_media":246805,"comment_status":"closed","ping_status":"closed","template":"","meta":[],"product_brand":[],"product_cat":[64],"product_tag":[],"class_list":{"0":"post-248084","1":"product","2":"type-product","3":"status-publish","4":"has-post-thumbnail","6":"product_cat-legumbres-a-granel","8":"first","9":"instock","10":"shipping-taxable","11":"purchasable","12":"product-type-simple"},"_links":{"self":[{"href":"https:\/\/mentta.fastdelivery.es\/index.php\/wp-json\/wp\/v2\/product\/248084","targetHints":{"allow":["GET"]}}],"collection":[{"href":"https:\/\/mentta.fastdelivery.es\/index.php\/wp-json\/wp\/v2\/product"}],"about":[{"href":"https:\/\/mentta.fastdelivery.es\/index.php\/wp-json\/wp\/v2\/types\/product"}],"replies":[{"embeddable":true,"href":"https:\/\/mentta.fastdelivery.es\/index.php\/wp-json\/wp\/v2\/comments?post=248084"}],"wp:featuredmedia":[{"embeddable":true,"href":"https:\/\/mentta.fastdelivery.es\/index.php\/wp-json\/wp\/v2\/media\/246805"}],"wp:attachment":[{"href":"https:\/\/mentta.fastdelivery.es\/index.php\/wp-json\/wp\/v2\/media?parent=248084"}],"wp:term":[{"taxonomy":"product_brand","embeddable":true,"href":"https:\/\/mentta.fastdelivery.es\/index.php\/wp-json\/wp\/v2\/product_brand?post=248084"},{"taxonomy":"product_cat","embeddable":true,"href":"https:\/\/mentta.fastdelivery.es\/index.php\/wp-json\/wp\/v2\/product_cat?post=248084"},{"taxonomy":"product_tag","embeddable":true,"href":"https:\/\/mentta.fastdelivery.es\/index.php\/wp-json\/wp\/v2\/product_tag?post=248084"}],"curies":[{"name":"wp","href":"https:\/\/api.w.org\/{rel}","templated":true}]}}