{"id":248091,"date":"2024-06-25T19:47:38","date_gmt":"2024-06-25T17:47:38","guid":{"rendered":"https:\/\/mentta.fastdelivery.es\/?post_type=product&#038;p=248091"},"modified":"2026-03-10T17:19:46","modified_gmt":"2026-03-10T16:19:46","slug":"fabada-de-leon-judion-mediano-1kg","status":"publish","type":"product","link":"https:\/\/mentta.fastdelivery.es\/index.php\/producto\/fabada-de-leon-judion-mediano-1kg\/","title":{"rendered":"Fabada de Le\u00f3n (Judi\u00f3n mediano) 1Kg"},"content":{"rendered":"<p><strong>Fabada de Le\u00f3n<\/strong>\u00a0(alubia plancheta) Judi\u00f3n de tama\u00f1o mediano.<\/p>\n<p>Tiene un tama\u00f1o\u00a0mediano de forma corta y aplastada, de color marfil.<\/p>\n<p>Son unas\u00a0<strong>alubias de gran calidad<\/strong>, con textura cremosa y sabor muy rico.<\/p>\n<p>Es la mejor de las blancas.<\/p>\n","protected":false},"excerpt":{"rendered":"<p>Fabada de Le\u00f3n\u00a0(alubia plancheta) Judi\u00f3n de tama\u00f1o mediano. Tiene un tama\u00f1o\u00a0mediano de forma corta y aplastada, de color marfil. Son unas\u00a0alubias de gran calidad, con textura cremosa y sabor muy rico. Es la mejor de las blancas.<\/p>\n","protected":false},"featured_media":246815,"comment_status":"closed","ping_status":"closed","template":"","meta":[],"product_brand":[],"product_cat":[64],"product_tag":[],"class_list":{"0":"post-248091","1":"product","2":"type-product","3":"status-publish","4":"has-post-thumbnail","6":"product_cat-legumbres-a-granel","8":"first","9":"instock","10":"shipping-taxable","11":"purchasable","12":"product-type-simple"},"_links":{"self":[{"href":"https:\/\/mentta.fastdelivery.es\/index.php\/wp-json\/wp\/v2\/product\/248091","targetHints":{"allow":["GET"]}}],"collection":[{"href":"https:\/\/mentta.fastdelivery.es\/index.php\/wp-json\/wp\/v2\/product"}],"about":[{"href":"https:\/\/mentta.fastdelivery.es\/index.php\/wp-json\/wp\/v2\/types\/product"}],"replies":[{"embeddable":true,"href":"https:\/\/mentta.fastdelivery.es\/index.php\/wp-json\/wp\/v2\/comments?post=248091"}],"wp:featuredmedia":[{"embeddable":true,"href":"https:\/\/mentta.fastdelivery.es\/index.php\/wp-json\/wp\/v2\/media\/246815"}],"wp:attachment":[{"href":"https:\/\/mentta.fastdelivery.es\/index.php\/wp-json\/wp\/v2\/media?parent=248091"}],"wp:term":[{"taxonomy":"product_brand","embeddable":true,"href":"https:\/\/mentta.fastdelivery.es\/index.php\/wp-json\/wp\/v2\/product_brand?post=248091"},{"taxonomy":"product_cat","embeddable":true,"href":"https:\/\/mentta.fastdelivery.es\/index.php\/wp-json\/wp\/v2\/product_cat?post=248091"},{"taxonomy":"product_tag","embeddable":true,"href":"https:\/\/mentta.fastdelivery.es\/index.php\/wp-json\/wp\/v2\/product_tag?post=248091"}],"curies":[{"name":"wp","href":"https:\/\/api.w.org\/{rel}","templated":true}]}}