{"id":248094,"date":"2024-06-25T19:49:41","date_gmt":"2024-06-25T17:49:41","guid":{"rendered":"https:\/\/mentta.fastdelivery.es\/?post_type=product&#038;p=248094"},"modified":"2026-03-10T17:19:46","modified_gmt":"2026-03-10T16:19:46","slug":"alubias-carilla-a-granel-1-kg","status":"publish","type":"product","link":"https:\/\/mentta.fastdelivery.es\/index.php\/producto\/alubias-carilla-a-granel-1-kg\/","title":{"rendered":"Alubias Carilla a granel 1 Kg"},"content":{"rendered":"<p>La\u00a0<strong>Alubia Carilla<\/strong>, es tambi\u00e9n denominada fr\u00e9jol castilla, blackeye bean, alubia ojo negro&#8230;entre otras denominaciones.<\/p>\n<p>Es una alubia de peque\u00f1o tama\u00f1o, color blanco oscuro \/ beige, y con un punto negro que la caracteriza.<\/p>\n<p>Poseen un\u00a0<strong>alto contenido en prote\u00ednas y fibra<\/strong>, de\u00a0<strong>minerales<\/strong>, como el potasio, hierro, selenio, molibdeno y \u00e1cido f\u00f3lico.<\/p>\n<p>Es una alubia ideal para preparar ensaladas, en guisos o como guarnici\u00f3n.<\/p>\n","protected":false},"excerpt":{"rendered":"<p>La\u00a0Alubia Carilla, es tambi\u00e9n denominada fr\u00e9jol castilla, blackeye bean, alubia ojo negro&#8230;entre otras denominaciones. Es una alubia de peque\u00f1o tama\u00f1o, color blanco oscuro \/ beige, y con un punto negro que la caracteriza. Poseen un\u00a0alto contenido en prote\u00ednas y fibra, de\u00a0minerales, como el potasio, hierro, selenio, molibdeno y \u00e1cido f\u00f3lico. Es una alubia ideal para [&hellip;]<\/p>\n","protected":false},"featured_media":246817,"comment_status":"closed","ping_status":"closed","template":"","meta":[],"product_brand":[],"product_cat":[64],"product_tag":[],"class_list":{"0":"post-248094","1":"product","2":"type-product","3":"status-publish","4":"has-post-thumbnail","6":"product_cat-legumbres-a-granel","8":"first","9":"instock","10":"shipping-taxable","11":"purchasable","12":"product-type-simple"},"_links":{"self":[{"href":"https:\/\/mentta.fastdelivery.es\/index.php\/wp-json\/wp\/v2\/product\/248094","targetHints":{"allow":["GET"]}}],"collection":[{"href":"https:\/\/mentta.fastdelivery.es\/index.php\/wp-json\/wp\/v2\/product"}],"about":[{"href":"https:\/\/mentta.fastdelivery.es\/index.php\/wp-json\/wp\/v2\/types\/product"}],"replies":[{"embeddable":true,"href":"https:\/\/mentta.fastdelivery.es\/index.php\/wp-json\/wp\/v2\/comments?post=248094"}],"wp:featuredmedia":[{"embeddable":true,"href":"https:\/\/mentta.fastdelivery.es\/index.php\/wp-json\/wp\/v2\/media\/246817"}],"wp:attachment":[{"href":"https:\/\/mentta.fastdelivery.es\/index.php\/wp-json\/wp\/v2\/media?parent=248094"}],"wp:term":[{"taxonomy":"product_brand","embeddable":true,"href":"https:\/\/mentta.fastdelivery.es\/index.php\/wp-json\/wp\/v2\/product_brand?post=248094"},{"taxonomy":"product_cat","embeddable":true,"href":"https:\/\/mentta.fastdelivery.es\/index.php\/wp-json\/wp\/v2\/product_cat?post=248094"},{"taxonomy":"product_tag","embeddable":true,"href":"https:\/\/mentta.fastdelivery.es\/index.php\/wp-json\/wp\/v2\/product_tag?post=248094"}],"curies":[{"name":"wp","href":"https:\/\/api.w.org\/{rel}","templated":true}]}}