{"id":248105,"date":"2024-06-25T20:35:53","date_gmt":"2024-06-25T18:35:53","guid":{"rendered":"https:\/\/mentta.fastdelivery.es\/?post_type=product&#038;p=248105"},"modified":"2026-03-10T17:16:30","modified_gmt":"2026-03-10T16:16:30","slug":"rodaja-de-atun-en-aceite-condor-1850-kg","status":"publish","type":"product","link":"https:\/\/mentta.fastdelivery.es\/index.php\/producto\/rodaja-de-atun-en-aceite-condor-1850-kg\/","title":{"rendered":"Rodaja de At\u00fan en Aceite C\u00f3ndor 1,850 Kg"},"content":{"rendered":"<p><strong>Rodaja de At\u00fan en Aceite C\u00f3ndor<\/strong>, atunes j\u00f3venes previamente seleccionados en base a la zona y temporada de captura.<\/p>\n<p>&nbsp;<\/p>\n<p><strong>Ultramarinos Condor<\/strong>, ofrece\u00a0<strong>conservas gourmet<\/strong>, perfectamente seleccionadas de excelente calidad.<\/p>\n","protected":false},"excerpt":{"rendered":"<p>Rodaja de At\u00fan en Aceite C\u00f3ndor, atunes j\u00f3venes previamente seleccionados en base a la zona y temporada de captura. &nbsp; Ultramarinos Condor, ofrece\u00a0conservas gourmet, perfectamente seleccionadas de excelente calidad.<\/p>\n","protected":false},"featured_media":246832,"comment_status":"closed","ping_status":"closed","template":"","meta":[],"product_brand":[],"product_cat":[69,63],"product_tag":[],"class_list":{"0":"post-248105","1":"product","2":"type-product","3":"status-publish","4":"has-post-thumbnail","6":"product_cat-conservas","7":"product_cat-especias-y-condimentos","9":"first","10":"instock","11":"shipping-taxable","12":"purchasable","13":"product-type-simple"},"_links":{"self":[{"href":"https:\/\/mentta.fastdelivery.es\/index.php\/wp-json\/wp\/v2\/product\/248105","targetHints":{"allow":["GET"]}}],"collection":[{"href":"https:\/\/mentta.fastdelivery.es\/index.php\/wp-json\/wp\/v2\/product"}],"about":[{"href":"https:\/\/mentta.fastdelivery.es\/index.php\/wp-json\/wp\/v2\/types\/product"}],"replies":[{"embeddable":true,"href":"https:\/\/mentta.fastdelivery.es\/index.php\/wp-json\/wp\/v2\/comments?post=248105"}],"wp:featuredmedia":[{"embeddable":true,"href":"https:\/\/mentta.fastdelivery.es\/index.php\/wp-json\/wp\/v2\/media\/246832"}],"wp:attachment":[{"href":"https:\/\/mentta.fastdelivery.es\/index.php\/wp-json\/wp\/v2\/media?parent=248105"}],"wp:term":[{"taxonomy":"product_brand","embeddable":true,"href":"https:\/\/mentta.fastdelivery.es\/index.php\/wp-json\/wp\/v2\/product_brand?post=248105"},{"taxonomy":"product_cat","embeddable":true,"href":"https:\/\/mentta.fastdelivery.es\/index.php\/wp-json\/wp\/v2\/product_cat?post=248105"},{"taxonomy":"product_tag","embeddable":true,"href":"https:\/\/mentta.fastdelivery.es\/index.php\/wp-json\/wp\/v2\/product_tag?post=248105"}],"curies":[{"name":"wp","href":"https:\/\/api.w.org\/{rel}","templated":true}]}}