{"id":248108,"date":"2024-06-25T20:40:30","date_gmt":"2024-06-25T18:40:30","guid":{"rendered":"https:\/\/mentta.fastdelivery.es\/?post_type=product&#038;p=248108"},"modified":"2026-03-10T17:16:30","modified_gmt":"2026-03-10T16:16:30","slug":"ventresca-de-atun-en-aceite-de-oliva-condor-120-gr","status":"publish","type":"product","link":"https:\/\/mentta.fastdelivery.es\/index.php\/producto\/ventresca-de-atun-en-aceite-de-oliva-condor-120-gr\/","title":{"rendered":"Ventresca de At\u00fan en Aceite de Oliva C\u00f3ndor 120 gr"},"content":{"rendered":"<p><strong>Ventresca de At\u00fan en Aceite de Oliva<\/strong>, una de las partes m\u00e1s valoradas por su jugosidad y sabor.<\/p>\n<p><strong>Ultramarinos Condor<\/strong>, ofrece\u00a0<strong>conservas gourmet<\/strong>, perfectamente seleccionadas de excelente calidad.<\/p>\n","protected":false},"excerpt":{"rendered":"<p>Ventresca de At\u00fan en Aceite de Oliva, una de las partes m\u00e1s valoradas por su jugosidad y sabor. Ultramarinos Condor, ofrece\u00a0conservas gourmet, perfectamente seleccionadas de excelente calidad.<\/p>\n","protected":false},"featured_media":248109,"comment_status":"closed","ping_status":"closed","template":"","meta":[],"product_brand":[],"product_cat":[69,63],"product_tag":[],"class_list":{"0":"post-248108","1":"product","2":"type-product","3":"status-publish","4":"has-post-thumbnail","6":"product_cat-conservas","7":"product_cat-especias-y-condimentos","9":"first","10":"instock","11":"shipping-taxable","12":"purchasable","13":"product-type-simple"},"_links":{"self":[{"href":"https:\/\/mentta.fastdelivery.es\/index.php\/wp-json\/wp\/v2\/product\/248108","targetHints":{"allow":["GET"]}}],"collection":[{"href":"https:\/\/mentta.fastdelivery.es\/index.php\/wp-json\/wp\/v2\/product"}],"about":[{"href":"https:\/\/mentta.fastdelivery.es\/index.php\/wp-json\/wp\/v2\/types\/product"}],"replies":[{"embeddable":true,"href":"https:\/\/mentta.fastdelivery.es\/index.php\/wp-json\/wp\/v2\/comments?post=248108"}],"wp:featuredmedia":[{"embeddable":true,"href":"https:\/\/mentta.fastdelivery.es\/index.php\/wp-json\/wp\/v2\/media\/248109"}],"wp:attachment":[{"href":"https:\/\/mentta.fastdelivery.es\/index.php\/wp-json\/wp\/v2\/media?parent=248108"}],"wp:term":[{"taxonomy":"product_brand","embeddable":true,"href":"https:\/\/mentta.fastdelivery.es\/index.php\/wp-json\/wp\/v2\/product_brand?post=248108"},{"taxonomy":"product_cat","embeddable":true,"href":"https:\/\/mentta.fastdelivery.es\/index.php\/wp-json\/wp\/v2\/product_cat?post=248108"},{"taxonomy":"product_tag","embeddable":true,"href":"https:\/\/mentta.fastdelivery.es\/index.php\/wp-json\/wp\/v2\/product_tag?post=248108"}],"curies":[{"name":"wp","href":"https:\/\/api.w.org\/{rel}","templated":true}]}}