{"id":248110,"date":"2024-06-25T20:41:33","date_gmt":"2024-06-25T18:41:33","guid":{"rendered":"https:\/\/mentta.fastdelivery.es\/?post_type=product&#038;p=248110"},"modified":"2026-03-10T17:16:30","modified_gmt":"2026-03-10T16:16:30","slug":"anchoa-santona-extra-100-gr","status":"publish","type":"product","link":"https:\/\/mentta.fastdelivery.es\/index.php\/producto\/anchoa-santona-extra-100-gr\/","title":{"rendered":"Anchoa Santo\u00f1a Extra 100 gr"},"content":{"rendered":"<p>Para los amantes del mejor producto, la calidad y las anchoas m\u00e1s selectas, te ofrecemos\u00a0<strong>Anchoas Casa Santo\u00f1a\u00a0<\/strong>de alta restauraci\u00f3n.<\/p>\n<p>Un aperitivo para deleitar al paladar, perfecto para disfrutar en buena compa\u00f1\u00eda.<\/p>\n","protected":false},"excerpt":{"rendered":"<p>Para los amantes del mejor producto, la calidad y las anchoas m\u00e1s selectas, te ofrecemos\u00a0Anchoas Casa Santo\u00f1a\u00a0de alta restauraci\u00f3n. Un aperitivo para deleitar al paladar, perfecto para disfrutar en buena compa\u00f1\u00eda.<\/p>\n","protected":false},"featured_media":246838,"comment_status":"closed","ping_status":"closed","template":"","meta":[],"product_brand":[],"product_cat":[69,63],"product_tag":[],"class_list":{"0":"post-248110","1":"product","2":"type-product","3":"status-publish","4":"has-post-thumbnail","6":"product_cat-conservas","7":"product_cat-especias-y-condimentos","9":"first","10":"instock","11":"shipping-taxable","12":"purchasable","13":"product-type-simple"},"_links":{"self":[{"href":"https:\/\/mentta.fastdelivery.es\/index.php\/wp-json\/wp\/v2\/product\/248110","targetHints":{"allow":["GET"]}}],"collection":[{"href":"https:\/\/mentta.fastdelivery.es\/index.php\/wp-json\/wp\/v2\/product"}],"about":[{"href":"https:\/\/mentta.fastdelivery.es\/index.php\/wp-json\/wp\/v2\/types\/product"}],"replies":[{"embeddable":true,"href":"https:\/\/mentta.fastdelivery.es\/index.php\/wp-json\/wp\/v2\/comments?post=248110"}],"wp:featuredmedia":[{"embeddable":true,"href":"https:\/\/mentta.fastdelivery.es\/index.php\/wp-json\/wp\/v2\/media\/246838"}],"wp:attachment":[{"href":"https:\/\/mentta.fastdelivery.es\/index.php\/wp-json\/wp\/v2\/media?parent=248110"}],"wp:term":[{"taxonomy":"product_brand","embeddable":true,"href":"https:\/\/mentta.fastdelivery.es\/index.php\/wp-json\/wp\/v2\/product_brand?post=248110"},{"taxonomy":"product_cat","embeddable":true,"href":"https:\/\/mentta.fastdelivery.es\/index.php\/wp-json\/wp\/v2\/product_cat?post=248110"},{"taxonomy":"product_tag","embeddable":true,"href":"https:\/\/mentta.fastdelivery.es\/index.php\/wp-json\/wp\/v2\/product_tag?post=248110"}],"curies":[{"name":"wp","href":"https:\/\/api.w.org\/{rel}","templated":true}]}}