{"id":248111,"date":"2024-06-25T20:42:39","date_gmt":"2024-06-25T18:42:39","guid":{"rendered":"https:\/\/mentta.fastdelivery.es\/?post_type=product&#038;p=248111"},"modified":"2026-03-10T17:16:30","modified_gmt":"2026-03-10T16:16:30","slug":"corazones-de-alcachofa-6-10-und-440-gr","status":"publish","type":"product","link":"https:\/\/mentta.fastdelivery.es\/index.php\/producto\/corazones-de-alcachofa-6-10-und-440-gr\/","title":{"rendered":"Corazones de Alcachofa 6-10 und 440 gr."},"content":{"rendered":"<p><strong>Corazones de Alcachofa<\/strong>\u00a06-10 und.<\/p>\n<p>Un sabor incre\u00edble de un\u00a0<strong>producto elaborado artesanalmente<\/strong>.<\/p>\n<p>Artesan\u00eda, tradici\u00f3n y sabor en una conserva preparada para poder disfrutar al momento.<\/p>\n<p>Un plato perfecto para disfrutar solo, con jam\u00f3n o con distintos productos para combinar sabores y aumentar la experiencia.<\/p>\n","protected":false},"excerpt":{"rendered":"<p>Corazones de Alcachofa\u00a06-10 und. Un sabor incre\u00edble de un\u00a0producto elaborado artesanalmente. Artesan\u00eda, tradici\u00f3n y sabor en una conserva preparada para poder disfrutar al momento. Un plato perfecto para disfrutar solo, con jam\u00f3n o con distintos productos para combinar sabores y aumentar la experiencia.<\/p>\n","protected":false},"featured_media":246840,"comment_status":"closed","ping_status":"closed","template":"","meta":[],"product_brand":[],"product_cat":[63],"product_tag":[],"class_list":{"0":"post-248111","1":"product","2":"type-product","3":"status-publish","4":"has-post-thumbnail","6":"product_cat-especias-y-condimentos","8":"first","9":"instock","10":"shipping-taxable","11":"purchasable","12":"product-type-simple"},"_links":{"self":[{"href":"https:\/\/mentta.fastdelivery.es\/index.php\/wp-json\/wp\/v2\/product\/248111","targetHints":{"allow":["GET"]}}],"collection":[{"href":"https:\/\/mentta.fastdelivery.es\/index.php\/wp-json\/wp\/v2\/product"}],"about":[{"href":"https:\/\/mentta.fastdelivery.es\/index.php\/wp-json\/wp\/v2\/types\/product"}],"replies":[{"embeddable":true,"href":"https:\/\/mentta.fastdelivery.es\/index.php\/wp-json\/wp\/v2\/comments?post=248111"}],"wp:featuredmedia":[{"embeddable":true,"href":"https:\/\/mentta.fastdelivery.es\/index.php\/wp-json\/wp\/v2\/media\/246840"}],"wp:attachment":[{"href":"https:\/\/mentta.fastdelivery.es\/index.php\/wp-json\/wp\/v2\/media?parent=248111"}],"wp:term":[{"taxonomy":"product_brand","embeddable":true,"href":"https:\/\/mentta.fastdelivery.es\/index.php\/wp-json\/wp\/v2\/product_brand?post=248111"},{"taxonomy":"product_cat","embeddable":true,"href":"https:\/\/mentta.fastdelivery.es\/index.php\/wp-json\/wp\/v2\/product_cat?post=248111"},{"taxonomy":"product_tag","embeddable":true,"href":"https:\/\/mentta.fastdelivery.es\/index.php\/wp-json\/wp\/v2\/product_tag?post=248111"}],"curies":[{"name":"wp","href":"https:\/\/api.w.org\/{rel}","templated":true}]}}