{"id":248117,"date":"2024-06-25T20:48:55","date_gmt":"2024-06-25T18:48:55","guid":{"rendered":"https:\/\/mentta.fastdelivery.es\/?post_type=product&#038;p=248117"},"modified":"2026-03-10T17:16:30","modified_gmt":"2026-03-10T16:16:30","slug":"alcachofa-en-aceite-de-oliva-el-viejo-molino-400-gr","status":"publish","type":"product","link":"https:\/\/mentta.fastdelivery.es\/index.php\/producto\/alcachofa-en-aceite-de-oliva-el-viejo-molino-400-gr\/","title":{"rendered":"Alcachofa en Aceite de Oliva 400 gr"},"content":{"rendered":"<p><strong>Corazones de Alcachofa en Aceite de Oliva.<\/strong><\/p>\n<p><strong>El Viejo Molino<\/strong>,\u00a0selecciona con unos altos est\u00e1ndares de calidad,\u00a0<strong>Conservas Gourmet<\/strong>\u00a0elaboradas artesanalmente para aportar una buena textura y suavidad.<\/p>\n<p>Artesan\u00eda, tradici\u00f3n y sabor en una conserva preparada para poder disfrutar al momento.<\/p>\n<p>\u00c9stas Alcachofas, literalmente se deshacen en la boca,\u00a0<strong>\u00a1Un aut\u00e9ntico manjar para los m\u00e1s exigentes!<\/strong><\/p>\n<p>Un plato perfecto para disfrutar solo, con jam\u00f3n o con distintos productos para combinar sabores y aumentar la experiencia.<\/p>\n","protected":false},"excerpt":{"rendered":"<p>Corazones de Alcachofa en Aceite de Oliva. El Viejo Molino,\u00a0selecciona con unos altos est\u00e1ndares de calidad,\u00a0Conservas Gourmet\u00a0elaboradas artesanalmente para aportar una buena textura y suavidad. Artesan\u00eda, tradici\u00f3n y sabor en una conserva preparada para poder disfrutar al momento. \u00c9stas Alcachofas, literalmente se deshacen en la boca,\u00a0\u00a1Un aut\u00e9ntico manjar para los m\u00e1s exigentes! Un plato perfecto [&hellip;]<\/p>\n","protected":false},"featured_media":246848,"comment_status":"closed","ping_status":"closed","template":"","meta":[],"product_brand":[],"product_cat":[69,63],"product_tag":[],"class_list":{"0":"post-248117","1":"product","2":"type-product","3":"status-publish","4":"has-post-thumbnail","6":"product_cat-conservas","7":"product_cat-especias-y-condimentos","9":"first","10":"instock","11":"shipping-taxable","12":"purchasable","13":"product-type-simple"},"_links":{"self":[{"href":"https:\/\/mentta.fastdelivery.es\/index.php\/wp-json\/wp\/v2\/product\/248117","targetHints":{"allow":["GET"]}}],"collection":[{"href":"https:\/\/mentta.fastdelivery.es\/index.php\/wp-json\/wp\/v2\/product"}],"about":[{"href":"https:\/\/mentta.fastdelivery.es\/index.php\/wp-json\/wp\/v2\/types\/product"}],"replies":[{"embeddable":true,"href":"https:\/\/mentta.fastdelivery.es\/index.php\/wp-json\/wp\/v2\/comments?post=248117"}],"wp:featuredmedia":[{"embeddable":true,"href":"https:\/\/mentta.fastdelivery.es\/index.php\/wp-json\/wp\/v2\/media\/246848"}],"wp:attachment":[{"href":"https:\/\/mentta.fastdelivery.es\/index.php\/wp-json\/wp\/v2\/media?parent=248117"}],"wp:term":[{"taxonomy":"product_brand","embeddable":true,"href":"https:\/\/mentta.fastdelivery.es\/index.php\/wp-json\/wp\/v2\/product_brand?post=248117"},{"taxonomy":"product_cat","embeddable":true,"href":"https:\/\/mentta.fastdelivery.es\/index.php\/wp-json\/wp\/v2\/product_cat?post=248117"},{"taxonomy":"product_tag","embeddable":true,"href":"https:\/\/mentta.fastdelivery.es\/index.php\/wp-json\/wp\/v2\/product_tag?post=248117"}],"curies":[{"name":"wp","href":"https:\/\/api.w.org\/{rel}","templated":true}]}}